{"id":307873,"date":"2017-05-17T20:28:59","date_gmt":"2017-05-17T19:28:59","guid":{"rendered":"https:\/\/shop.familinkframe.com\/produit\/cadru-foto-familink\/"},"modified":"2026-01-27T11:45:39","modified_gmt":"2026-01-27T10:45:39","slug":"cadru-foto-familink","status":"publish","type":"product","link":"https:\/\/shop.familinkframe.com\/ro\/produit\/cadru-foto-familink\/","title":{"rendered":"Cadru foto Familink"},"content":{"rendered":"<p>Familink, rama foto 4G pentru \u00eentreaga familie!<\/p>\n<p>Familink este o ram\u0103 foto conectat\u0103 destinat\u0103 persoanelor \u00een v\u00e2rst\u0103 care nu au internet sau care nu doresc s\u0103 \u00eel utilizeze. Ramele Familink func\u021bioneaz\u0103 \u00een 4G sau Wi-Fi. Cu Familink, simplitatea este la ordinea zilei: conecta\u021bi-l \u0219i func\u021bioneaz\u0103. Toate set\u0103rile sunt gestionate de la distan\u021b\u0103 prin intermediul aplica\u021biei noastre mobile sau al site-ului nostru web. Este livrat gata de utilizare, cu cartela SIM 4G integrat\u0103 \u0219i configurat\u0103 \u0219i 3 luni de serviciu 4G gratuite. Fotografiile trimise sunt afi\u0219ate instantaneu.<\/p>\n<ul>\n<li>Familink poate stoca p\u00e2n\u0103 la 10.000 de fotografii!<\/li>\n<li>De asemenea, este posibil s\u0103 trimite\u021bi mesaje text \u0219i <a href=\"https:\/\/www.familinkframe.com\/ro\/blog\/familink-video\/\" target=\"_blank\" rel=\"noopener\">videoclipuri<\/a><\/li>\n<li>Func\u021bioneaz\u0103 \u00een 4G \u0219i <a href=\"https:\/\/help.familinkframe.com\/hc\/ro\/articles\/360013054840-Cum-activez-Wi-Fi\" target=\"_blank\" rel=\"noopener\">Wi-Fi numai pe o re\u021bea privat\u0103<\/a><\/li>\n<li>Func\u021bioneaz\u0103 cu o cartel\u0103 SIM multioperator \u0219i \u00een peste <a href=\"https:\/\/www.familinkframe.com\/ro\/blog\/list-of-countries-where-familink-operates\/\">100 de \u021b\u0103ri!<\/a><\/li>\n<li>Configurat de la distan\u021b\u0103.<\/li>\n<li>Ecran de 7\u201d (1024&#215;600) sau 10&#8243; (1280&#215;800).<\/li>\n<li>Dimensiuni 20 x 15 x 5 cm (pentru 7\u201e) \u0219i 26,5 x 19 x 4 cm pentru Familink 10\u201d.<\/li>\n<li>Se aprinde \u0219i se stinge automat.<\/li>\n<li>Consum\u0103 3 W c\u00e2nd este pornit<\/li>\n<li>F\u0103r\u0103 limit\u0103 de utilizatori, toat\u0103 familia poate trimite fotografii sau mesaje<\/li>\n<li>Fotografiile se trimit prin aplica\u021bia noastr\u0103, <a href=\"https:\/\/app.familinkframe.com\/\" target=\"_blank\" rel=\"noopener\">interfa\u021ba web<\/a>, <a href=\"https:\/\/help.familinkframe.com\/hc\/ro\/articles\/360013260020-Cum-trimit-o-fotografie-prin-e-mail\">e-mail<\/a>, <a href=\"https:\/\/help.familinkframe.com\/hc\/ro\/articles\/4416277958674-Cum-v%C4%83-al%C4%83tura%C8%9Bi-robotului-Messenger-%C8%99i-cum-trimite%C8%9Bi-prima-dvs-fotografie-prin-Messenger\">Messenger<\/a>, <a href=\"https:\/\/help.familinkframe.com\/hc\/ro\/articles\/360018539620-Cum-s%C4%83-trimite%C8%9Bi-fotografii-c%C4%83tre-Familink-folosind-WhatsApp\" target=\"_blank\" rel=\"noopener\">WhatsApp<\/a> sau <a href=\"https:\/\/help.familinkframe.com\/hc\/ro\/articles\/4418014027410-Cum-v%C4%83-al%C4%83tura%C8%9Bi-robotului-Telegram-%C8%99i-cum-trimite%C8%9Bi-prima-dvs-fotografie-prin-Telegram\">Telegram<\/a><\/li>\n<li>Poate primi <strong data-start=\"318\" data-end=\"349\">p\u00e2n\u0103 la 10 fotografii pe zi<\/strong>, fie c\u0103 este conectat la <strong data-start=\"375\" data-end=\"391\">4G sau Wi-Fi<\/strong>.<br \/>\nCu<a href=\"https:\/\/www.familinkframe.com\/ro\/blog\/familink-video\/\" target=\"_blank\" rel=\"noopener noreferrer\"><u> op\u021biunea video,<\/u><\/a> <strong data-start=\"416\" data-end=\"460\">trimiterea fotografiilor este nelimitat\u0103<\/strong>.<\/li>\n<li>Garan\u021bie: 2 ani<\/li>\n<li>\u00cenc\u0103rc\u0103tor inclus<\/li>\n<\/ul>\n","protected":false},"excerpt":{"rendered":"<p>Familink este o ram\u0103 foto conectat\u0103 destinat\u0103 tuturor celor care nu au internet sau nu doresc s\u0103 \u00eenve\u021be s\u0103 \u00eel foloseasc\u0103. Datorit\u0103 cartelei SIM 4G incluse \u0219i abonamentului gratuit de 3 luni, Familink este livrat gata de utilizare. Este suficient s\u0103 conecta\u021bi rama pentru ca aceasta s\u0103 func\u021bioneze.<\/p>\n<p>Cu Familink, \u00eentreaga familie poate partaja instantaneu fotografii, mesaje text \u0219i <a href=\"https:\/\/www.familinkframe.com\/ro\/blog\/familink-video\/\" target=\"_blank\" rel=\"noopener\">videoclipuri<\/a> pe ram\u0103, din aplica\u021bia noastr\u0103 mobil\u0103, de pe site-ul nostru web de trimitere a fotografiilor, prin <a href=\"https:\/\/help.familinkframe.com\/hc\/ro\/articles\/360013260020-Cum-trimit-o-fotografie-prin-e-mail\">e-mail<\/a> sau chiar prin <a href=\"https:\/\/help.familinkframe.com\/hc\/ro\/articles\/4416277958674-Cum-v%C4%83-al%C4%83tura%C8%9Bi-robotului-Messenger-%C8%99i-cum-trimite%C8%9Bi-prima-dvs-fotografie-prin-Messenger\">Messenger<\/a> sau <a href=\"https:\/\/help.familinkframe.com\/hc\/ro\/articles\/360018539620-Cum-s%C4%83-trimite%C8%9Bi-fotografii-c%C4%83tre-Familink-folosind-WhatsApp\" target=\"_blank\" rel=\"noopener\">WhatsApp<\/a> sau <a href=\"https:\/\/help.familinkframe.com\/hc\/ro\/articles\/4418014027410-Cum-v%C4%83-al%C4%83tura%C8%9Bi-robotului-Telegram-%C8%99i-cum-trimite%C8%9Bi-prima-dvs-fotografie-prin-Telegram\">Telegram<\/a>.<\/p>\n<p>Familink se vinde la pre\u021bul de 169,90 \u20ac TVA inclus (219,90 \u20ac \u00een versiunea de 10 inci). Acest pre\u021b include rama, cartela SIM deja instalat\u0103 \u0219i configurat\u0103, precum \u0219i 3 luni de abonament gratuit. Dup\u0103 3 luni, este necesar s\u0103 re\u00eennoi\u021bi serviciul pentru 5,90 \u20ac TVA inclus pe lun\u0103, f\u0103r\u0103 angajament, sau s\u0103 utiliza\u021bi rama gratuit, conect\u00e2nd-o la o re\u021bea Wi-Fi.<\/p>\n<p>\u00cenc\u0103rc\u0103torul este inclus.<\/p>\n<p><strong>Dimensiuni<\/strong>:<\/p>\n<ul>\n<li><strong>Rama Familink de 7 inci:<\/strong> 20 cm l\u0103\u021bime x 14 cm \u00een\u0103l\u021bime x 4 cm ad\u00e2ncime. Ecranul m\u0103soar\u0103 7 inci, ceea ce corespunde aproximativ unei fotografii de 10x15cm, cu o rezolu\u021bie de 1024 x 600 px. \u00cenc\u0103rc\u0103torul este inclus.<\/li>\n<li><strong>Rama Familink 10 inch<\/strong>: 26,5 cm l\u0103\u021bime x 19 cm \u00een\u0103l\u021bime x 4 cm ad\u00e2ncime. Ecranul m\u0103soar\u0103 10 inch, ceea ce corespunde unui format A5, cu o rezolu\u021bie de 1280 x 800 px. \u00cenc\u0103rc\u0103torul este inclus.<\/li>\n<\/ul>\n<p>Familink are o garan\u021bie de 2 ani.<\/p>\n<p>\u00cenc\u0103rc\u0103torul este inclus.<\/p>\n<p>Ave\u021bi o \u00eentrebare? Consulta\u021bi sec\u021biunea FAQ<\/p>\n<p><em>Rama neagr\u0103 de 10 inch nu mai este comercializat\u0103.<\/em><\/p>\n","protected":false},"featured_media":310595,"comment_status":"closed","ping_status":"closed","template":"","meta":[],"product_brand":[],"product_cat":[],"product_tag":[],"class_list":{"0":"post-307873","1":"product","2":"type-product","3":"status-publish","4":"has-post-thumbnail","7":"first","8":"instock","9":"taxable","10":"shipping-taxable","11":"purchasable","12":"product-type-variable"},"_links":{"self":[{"href":"https:\/\/shop.familinkframe.com\/ro\/wp-json\/wp\/v2\/product\/307873","targetHints":{"allow":["GET"]}}],"collection":[{"href":"https:\/\/shop.familinkframe.com\/ro\/wp-json\/wp\/v2\/product"}],"about":[{"href":"https:\/\/shop.familinkframe.com\/ro\/wp-json\/wp\/v2\/types\/product"}],"replies":[{"embeddable":true,"href":"https:\/\/shop.familinkframe.com\/ro\/wp-json\/wp\/v2\/comments?post=307873"}],"wp:featuredmedia":[{"embeddable":true,"href":"https:\/\/shop.familinkframe.com\/ro\/wp-json\/wp\/v2\/media\/310595"}],"wp:attachment":[{"href":"https:\/\/shop.familinkframe.com\/ro\/wp-json\/wp\/v2\/media?parent=307873"}],"wp:term":[{"taxonomy":"product_brand","embeddable":true,"href":"https:\/\/shop.familinkframe.com\/ro\/wp-json\/wp\/v2\/product_brand?post=307873"},{"taxonomy":"product_cat","embeddable":true,"href":"https:\/\/shop.familinkframe.com\/ro\/wp-json\/wp\/v2\/product_cat?post=307873"},{"taxonomy":"product_tag","embeddable":true,"href":"https:\/\/shop.familinkframe.com\/ro\/wp-json\/wp\/v2\/product_tag?post=307873"}],"curies":[{"name":"wp","href":"https:\/\/api.w.org\/{rel}","templated":true}]}}