{"id":307919,"date":"2017-05-17T20:28:59","date_gmt":"2017-05-17T19:28:59","guid":{"rendered":"https:\/\/shop.familinkframe.com\/produit\/moldura-para-fotos-familink\/"},"modified":"2026-01-27T11:42:40","modified_gmt":"2026-01-27T10:42:40","slug":"moldura-para-fotos-familink","status":"publish","type":"product","link":"https:\/\/shop.familinkframe.com\/pt-pt\/produit\/moldura-para-fotos-familink\/","title":{"rendered":"Moldura para fotos Familink"},"content":{"rendered":"<p>Familink, a moldura fotogr\u00e1fica 4G para toda a fam\u00edlia!<\/p>\n<p>Familink \u00e9 uma moldura fotogr\u00e1fica conectada destinada a idosos que n\u00e3o t\u00eam internet ou que n\u00e3o desejam utiliz\u00e1-la. As molduras Familink funcionam com 4G ou Wi-Fi. Com Familink, a simplicidade est\u00e1 garantida: basta lig\u00e1-la e ela funciona. Todas as configura\u00e7\u00f5es s\u00e3o geridas remotamente atrav\u00e9s da nossa aplica\u00e7\u00e3o m\u00f3vel ou do nosso site. \u00c9 entregue pronto a usar com o seu cart\u00e3o SIM 4G integrado e configurado e 3 meses de servi\u00e7o 4G gratuitos. As fotos enviadas s\u00e3o exibidas instantaneamente.<\/p>\n<ul>\n<li>O Familink pode armazenar at\u00e9 10 000 fotos!<\/li>\n<li>Tamb\u00e9m \u00e9 poss\u00edvel enviar mensagens de texto e <a href=\"https:\/\/www.familinkframe.com\/pt\/blog\/familink-video\/\" target=\"_blank\" rel=\"noopener\">v\u00eddeos<\/a><\/li>\n<li>Funciona em 4G e<a href=\"https:\/\/help.familinkframe.com\/hc\/pt\/articles\/360013054840-Como-posso-ativar-o-Wi-Fi\" target=\"_blank\" rel=\"noopener\"> Wi-Fi apenas em uma rede privada<\/a><\/li>\n<li>Funciona com um cart\u00e3o SIM multioperadora e em mais de <a href=\"https:\/\/www.familinkframe.com\/pt\/blog\/list-of-countries-where-familink-operates\/\" target=\"_blank\" rel=\"noopener\">100 pa\u00edses<\/a>!<\/li>\n<li>Configur\u00e1vel remotamente.<\/li>\n<li>Ecr\u00e3 de 7\u201d (1024&#215;600) ou 10&#8243; (1280&#215;800).<\/li>\n<li>Dimens\u00f5es 20 x 15 x 5 cm (para o 7\u201c) e 26,5 x 19 x 4 cm para o Familink 10\u201d.<\/li>\n<li>Liga-se e desliga-se automaticamente.<\/li>\n<li>Consome 3 W quando est\u00e1 ligado<\/li>\n<li>Sem limite de utilizadores, toda a fam\u00edlia pode enviar fotos ou mensagens<\/li>\n<li>O envio de fotos \u00e9 feito atrav\u00e9s da nossa aplica\u00e7\u00e3o, <a href=\"https:\/\/app.familinkframe.com\/\">interface web<\/a>,<a href=\"https:\/\/help.familinkframe.com\/hc\/pt\/articles\/360013260020-Como-posso-enviar-uma-fotografia-por-correio-eletr%C3%B3nico\"> e-mail,<\/a> <a href=\"https:\/\/help.familinkframe.com\/hc\/pt\/articles\/4416277958674-Como-%C3%A9-que-se-junta-ao-bot-do-Messenger-e-envia-a-sua-primeira-fotografia-atrav%C3%A9s-do-Messenger\">Messenger<\/a> ou <a href=\"https:\/\/help.familinkframe.com\/hc\/pt\/articles\/4418014027410-Como-%C3%A9-que-se-junta-ao-bot-do-Telegram-e-envia-a-sua-primeira-fotografia-atrav%C3%A9s-do-Telegram\">Telegram<\/a> , <a href=\"https:\/\/help.familinkframe.com\/hc\/pt\/articles\/360018539620-Como-enviar-fotos-para-o-Familink-atrav%C3%A9s-do-WhatsApp\" target=\"_blank\" rel=\"noopener\">WhatsApp<\/a><\/li>\n<li>Pode receber <strong data-start=\"353\" data-end=\"377\">at\u00e9 10 fotos por dia<\/strong>, quer esteja ligada por <strong data-start=\"402\" data-end=\"417\">4G ou Wi-Fi<\/strong>.<br \/>\nCom a <a href=\"https:\/\/www.familinkframe.com\/pt\/blog\/familink-video\/\" target=\"_blank\" rel=\"noopener noreferrer\"><u>op\u00e7\u00e3o de v\u00eddeo,<\/u><\/a> <strong data-start=\"445\" data-end=\"477\">o envio de fotos \u00e9 ilimitado<\/strong>.<\/li>\n<li>Garantia: 2 anos<\/li>\n<li>Carregador inclu\u00eddo<\/li>\n<\/ul>\n","protected":false},"excerpt":{"rendered":"<p>Familink \u00e9 uma moldura digital conectada destinada a todos aqueles que n\u00e3o t\u00eam Internet ou n\u00e3o querem aprender a us\u00e1-la. Gra\u00e7as ao seu cart\u00e3o SIM 4G inclu\u00eddo e aos 3 meses de assinatura gratuita, Familink \u00e9 entregue pronto a usar. Basta ligar a moldura para que ela funcione.<\/p>\n<p>Com o Familink, toda a fam\u00edlia pode partilhar fotos e <a href=\"https:\/\/www.familinkframe.com\/pt\/blog\/familink-video\/\" target=\"_blank\" rel=\"noopener\">v\u00eddeos<\/a> e mensagens de texto instantaneamente na moldura, a partir da nossa aplica\u00e7\u00e3o m\u00f3vel, <a href=\"https:\/\/app.familinkframe.com\/\">do nosso site<\/a> de envio de fotos, <a href=\"https:\/\/help.familinkframe.com\/hc\/pt\/articles\/360013260020-Como-posso-enviar-uma-fotografia-por-correio-eletr%C3%B3nico\">por e-mail<\/a> ou mesmo pelo <a href=\"https:\/\/help.familinkframe.com\/hc\/pt\/articles\/4416277958674-Como-%C3%A9-que-se-junta-ao-bot-do-Messenger-e-envia-a-sua-primeira-fotografia-atrav%C3%A9s-do-Messenger\">Messenger<\/a> ou <a href=\"https:\/\/help.familinkframe.com\/hc\/pt\/articles\/4418014027410-Como-%C3%A9-que-se-junta-ao-bot-do-Telegram-e-envia-a-sua-primeira-fotografia-atrav%C3%A9s-do-Telegram\">Telegram<\/a>, <a href=\"https:\/\/help.familinkframe.com\/hc\/pt\/articles\/360018539620-Como-enviar-fotos-para-o-Familink-atrav%C3%A9s-do-WhatsApp\" target=\"_blank\" rel=\"noopener\">WhatsApp<\/a><\/p>\n<p>O Familink \u00e9 vendido ao pre\u00e7o de 169,90 \u20ac TTC (219,90 \u20ac na vers\u00e3o de 10 polegadas). Este pre\u00e7o inclui a moldura, o cart\u00e3o SIM j\u00e1 instalado e configurado, bem como 3 meses de assinatura gratuita. Ap\u00f3s 3 meses, \u00e9 necess\u00e1rio renovar o servi\u00e7o por 5,90 \u20ac TTC por m\u00eas, sem compromisso, ou utilizar a moldura gratuitamente, ligando-a a uma rede Wi-Fi.<\/p>\n<p>O carregador est\u00e1 inclu\u00eddo.<\/p>\n<p><strong>Dimens\u00f5es<\/strong>:<\/p>\n<ul>\n<li><strong>Moldura Familink de 7 polegadas<\/strong>: 20 cm de largura x 14 cm de altura x 4 cm de profundidade. O ecr\u00e3 mede 7 polegadas, o que corresponde aproximadamente a uma fotografia de 10&#215;15 cm, com uma resolu\u00e7\u00e3o de 1024 x 600 px. O carregador est\u00e1 inclu\u00eddo.<\/li>\n<li><strong>Moldura Familink 10 polegadas<\/strong>: 26,5 cm de largura x 19 cm de altura x 4 cm de profundidade. O ecr\u00e3 mede 10 polegadas, o que corresponde a um formato A5, com uma resolu\u00e7\u00e3o de 1280 x 800 px. O carregador est\u00e1 inclu\u00eddo.<br \/>\nO Familink tem garantia de 2 anos.<\/li>\n<\/ul>\n<p>O carregador est\u00e1 inclu\u00eddo.<\/p>\n<p>Alguma d\u00favida? <a href=\"https:\/\/help.familinkframe.com\/hc\/pt\">Consulte as nossas perguntas frequentes.\u00a0<\/a><\/p>\n<p><em>A moldura preta de 10 polegadas j\u00e1 n\u00e3o est\u00e1 dispon\u00edvel no mercado.<\/em><\/p>\n","protected":false},"featured_media":310594,"comment_status":"closed","ping_status":"closed","template":"","meta":[],"product_brand":[],"product_cat":[],"product_tag":[],"class_list":{"0":"post-307919","1":"product","2":"type-product","3":"status-publish","4":"has-post-thumbnail","7":"first","8":"instock","9":"taxable","10":"shipping-taxable","11":"purchasable","12":"product-type-variable"},"_links":{"self":[{"href":"https:\/\/shop.familinkframe.com\/pt-pt\/wp-json\/wp\/v2\/product\/307919","targetHints":{"allow":["GET"]}}],"collection":[{"href":"https:\/\/shop.familinkframe.com\/pt-pt\/wp-json\/wp\/v2\/product"}],"about":[{"href":"https:\/\/shop.familinkframe.com\/pt-pt\/wp-json\/wp\/v2\/types\/product"}],"replies":[{"embeddable":true,"href":"https:\/\/shop.familinkframe.com\/pt-pt\/wp-json\/wp\/v2\/comments?post=307919"}],"wp:featuredmedia":[{"embeddable":true,"href":"https:\/\/shop.familinkframe.com\/pt-pt\/wp-json\/wp\/v2\/media\/310594"}],"wp:attachment":[{"href":"https:\/\/shop.familinkframe.com\/pt-pt\/wp-json\/wp\/v2\/media?parent=307919"}],"wp:term":[{"taxonomy":"product_brand","embeddable":true,"href":"https:\/\/shop.familinkframe.com\/pt-pt\/wp-json\/wp\/v2\/product_brand?post=307919"},{"taxonomy":"product_cat","embeddable":true,"href":"https:\/\/shop.familinkframe.com\/pt-pt\/wp-json\/wp\/v2\/product_cat?post=307919"},{"taxonomy":"product_tag","embeddable":true,"href":"https:\/\/shop.familinkframe.com\/pt-pt\/wp-json\/wp\/v2\/product_tag?post=307919"}],"curies":[{"name":"wp","href":"https:\/\/api.w.org\/{rel}","templated":true}]}}