{"id":307827,"date":"2017-05-17T20:28:59","date_gmt":"2017-05-17T19:28:59","guid":{"rendered":"https:\/\/shop.familinkframe.com\/produit\/ramka-na-zdjecia-familink\/"},"modified":"2026-01-27T11:40:26","modified_gmt":"2026-01-27T10:40:26","slug":"ramka-na-zdjecia-familink","status":"publish","type":"product","link":"https:\/\/shop.familinkframe.com\/pl\/produit\/ramka-na-zdjecia-familink\/","title":{"rendered":"Ramka na zdj\u0119cia Familink"},"content":{"rendered":"<p>Familink, ramka na zdj\u0119cia 4G dla ca\u0142ej rodziny!<\/p>\n<p>Familink to pod\u0142\u0105czona do Internetu ramka na zdj\u0119cia przeznaczona dla os\u00f3b starszych, kt\u00f3re nie maj\u0105 dost\u0119pu do Internetu lub nie chc\u0105 z niego korzysta\u0107. Ramki Familink dzia\u0142aj\u0105 w sieci 4G lub Wi-Fi. Dzi\u0119ki Familink wszystko jest proste: wystarczy pod\u0142\u0105czy\u0107 urz\u0105dzenie i ju\u017c dzia\u0142a. Wszystkie ustawienia s\u0105 zarz\u0105dzane zdalnie za po\u015brednictwem naszej aplikacji mobilnej lub strony internetowej. Jest dostarczany gotowy do u\u017cycia z wbudowan\u0105 i skonfigurowan\u0105 kart\u0105 SIM 4G oraz 3 miesi\u0105cami bezp\u0142atnej us\u0142ugi 4G. Wys\u0142ane zdj\u0119cia s\u0105 wy\u015bwietlane natychmiast.<\/p>\n<ul>\n<li>Familink mo\u017ce przechowywa\u0107 do 10 000 zdj\u0119\u0107!<\/li>\n<li>Mo\u017cliwe jest r\u00f3wnie\u017c wysy\u0142anie wiadomo\u015bci tekstowych i <a href=\"https:\/\/www.familinkframe.com\/pl\/blog\/familink-video\/\" target=\"_blank\" rel=\"noopener\">film\u00f3w<\/a>.<\/li>\n<li>Dzia\u0142a w sieci 4G i <a href=\"https:\/\/help.familinkframe.com\/hc\/pl-pl\/articles\/360013054840-Jak-aktywowa%C4%87-sie%C4%87-Wi-Fi\">Wi-Fi<\/a> wy\u0142\u0105cznie w sieci prywatnej.<\/li>\n<li>Dzia\u0142a z kart\u0105 SIM wielu operator\u00f3w i w ponad <a href=\"https:\/\/www.familinkframe.com\/pl\/blog\/list-of-countries-where-familink-operates\/\">100 krajach!<\/a><\/li>\n<li>Mo\u017cliwo\u015b\u0107 zdalnej konfiguracji.<\/li>\n<li>Ekran 7\u201d (1024&#215;600) lub 10&#8243; (1280&#215;800).<\/li>\n<li>Wymiary 20 x 15 x 5 cm (dla 7\u201e) i 26,5 x 19 x 4 cm dla Familink 10\u201d.<\/li>\n<li>Automatyczne w\u0142\u0105czanie i wy\u0142\u0105czanie.<\/li>\n<li>Zu\u017cycie energii 3 W po w\u0142\u0105czeniu<\/li>\n<li>Brak ogranicze\u0144 dotycz\u0105cych liczby u\u017cytkownik\u00f3w, ca\u0142a rodzina mo\u017ce wysy\u0142a\u0107 zdj\u0119cia lub wiadomo\u015bci<\/li>\n<li>Wysy\u0142anie zdj\u0119\u0107 odbywa si\u0119 za po\u015brednictwem naszej aplikacji,<a href=\"https:\/\/app.familinkframe.com\/\"> interfejsu internetowego<\/a>, <a href=\"https:\/\/help.familinkframe.com\/hc\/pl-pl\/articles\/360013260020-Jak-wys%C5%82a%C4%87-zdj%C4%99cie-poczt%C4%85-e-mail\">poczty elektronicznej<\/a>, komunikatora <a href=\"https:\/\/help.familinkframe.com\/hc\/pl-pl\/articles\/4416277958674-Jak-do%C5%82%C4%85czy%C4%87-do-bota-Messengera-i-wys%C5%82a%C4%87-swoje-pierwsze-zdj%C4%99cie-przez-Messengera\">Messenger<\/a> lub <a href=\"https:\/\/help.familinkframe.com\/hc\/pl-pl\/articles\/4418014027410-Jak-do%C5%82%C4%85czy%C4%87-do-bota-Telegram-i-wys%C5%82a%C4%87-swoje-pierwsze-zdj%C4%99cie-przez-Telegram\">Telegram<\/a> , <a href=\"https:\/\/help.familinkframe.com\/hc\/pl-pl\/articles\/360018539620-Jak-wys%C5%82a%C4%87-zdj%C4%99cia-do-Familink-za-pomoc%C4%85-WhatsApp\" target=\"_blank\" rel=\"noopener\">WhatsApp<\/a><\/li>\n<li>Mo\u017ce odbiera\u0107 10 zdj\u0119\u0107 dziennie, niezale\u017cnie od tego, czy jest pod\u0142\u0105czona do sieci 4G, czy Wi-Fi. Wysy\u0142anie zdj\u0119\u0107 jest nieograniczone dzi\u0119ki <a href=\"https:\/\/www.familinkframe.com\/pl\/blog\/familink-video\/\" target=\"_blank\" rel=\"noopener noreferrer\"><u>opcji wideo<\/u><\/a>.<\/li>\n<li>Gwarancja: 2 lata<\/li>\n<li>\u0141adowarka w zestawie<\/li>\n<\/ul>\n","protected":false},"excerpt":{"rendered":"<p>Familink to pod\u0142\u0105czona do Internetu ramka na zdj\u0119cia przeznaczona dla wszystkich, kt\u00f3rzy nie maj\u0105 dost\u0119pu do Internetu lub nie chc\u0105 si\u0119 uczy\u0107, jak z niego korzysta\u0107. Dzi\u0119ki do\u0142\u0105czonej karcie SIM 4G i 3 miesi\u0105com bezp\u0142atnego abonamentu Familink jest dostarczany w stanie gotowym do u\u017cycia. Wystarczy pod\u0142\u0105czy\u0107 ramk\u0119, aby zacz\u0119\u0142a dzia\u0142a\u0107.<\/p>\n<p>Dzi\u0119ki Familink ca\u0142a rodzina mo\u017ce natychmiast udost\u0119pnia\u0107 zdj\u0119cia, wiadomo\u015bci tekstowe i <a href=\"https:\/\/www.familinkframe.com\/pl\/blog\/familink-video\/\" target=\"_blank\" rel=\"noopener\">filmy wideo<\/a> na ramce za po\u015brednictwem naszej aplikacji mobilnej, <a href=\"https:\/\/app.familinkframe.com\/\">naszej strony internetowej<\/a> do wysy\u0142ania zdj\u0119\u0107, poczty <a href=\"https:\/\/help.familinkframe.com\/hc\/pl-pl\/articles\/360013260020-Jak-wys%C5%82a%C4%87-zdj%C4%99cie-poczt%C4%85-e-mail\">elektronicznej<\/a>, a nawet komunikatora <a href=\"https:\/\/help.familinkframe.com\/hc\/pl-pl\/articles\/4416277958674-Jak-do%C5%82%C4%85czy%C4%87-do-bota-Messengera-i-wys%C5%82a%C4%87-swoje-pierwsze-zdj%C4%99cie-przez-Messengera\">Messenger<\/a> lub <a href=\"https:\/\/help.familinkframe.com\/hc\/pl-pl\/articles\/4418014027410-Jak-do%C5%82%C4%85czy%C4%87-do-bota-Telegram-i-wys%C5%82a%C4%87-swoje-pierwsze-zdj%C4%99cie-przez-Telegram\">Telegram<\/a>, <a href=\"https:\/\/help.familinkframe.com\/hc\/pl-pl\/articles\/360018539620-Jak-wys%C5%82a%C4%87-zdj%C4%99cia-do-Familink-za-pomoc%C4%85-WhatsApp\" target=\"_blank\" rel=\"noopener\">WhatsApp<\/a>.<\/p>\n<p>Familink jest sprzedawany w cenie 169,90 \u20ac z VAT (219,90 \u20ac w wersji 10-calowej). Cena obejmuje ramk\u0119, zainstalowan\u0105 i skonfigurowan\u0105 kart\u0119 SIM oraz 3 miesi\u0105ce bezp\u0142atnej subskrypcji. Po up\u0142ywie 3 miesi\u0119cy konieczne jest przed\u0142u\u017cenie us\u0142ugi za 5,90 \u20ac z VAT miesi\u0119cznie bez zobowi\u0105za\u0144 lub korzystanie z ramki bezp\u0142atnie po pod\u0142\u0105czeniu jej do sieci Wi-Fi.<\/p>\n<p><span style=\"text-decoration: underline;\"><strong>\u0141adowarka jest do\u0142\u0105czona do zestawu.<\/strong><\/span><\/p>\n<p><strong>Wymiary<\/strong>:<\/p>\n<ul>\n<li><strong>Ramka Familink 7 cali<\/strong>: 20 cm szeroko\u015bci x 14 cm wysoko\u015bci x 4 cm g\u0142\u0119boko\u015bci. Ekran ma 7 cali, co odpowiada mniej wi\u0119cej zdj\u0119ciu o wymiarach 10 x 15 cm, o rozdzielczo\u015bci 1024 x 600 px. \u0141adowarka jest do\u0142\u0105czona do zestawu.<\/li>\n<li><strong>Ramka Familink 10 cal<\/strong>i: 26,5 cm szeroko\u015bci x 19 cm wysoko\u015bci x 4 cm g\u0142\u0119boko\u015bci. Ekran ma 10 cali, co odpowiada formatowi A5, o rozdzielczo\u015bci 1280 x 800 px. \u0141adowarka jest do\u0142\u0105czona do zestawu.<br \/>\nFamilink jest obj\u0119ty 2-letni\u0105 gwarancj\u0105.<\/li>\n<\/ul>\n<p>\u0141adowarka jest do\u0142\u0105czona do zestawu.<\/p>\n<p>Masz pytanie? <a href=\"https:\/\/help.familinkframe.com\/hc\/pl-pl\">Zapoznaj si\u0119 z naszymi FAQ<\/a>.<\/p>\n<p><em>Czarna rama 10 cali nie jest ju\u017c dost\u0119pna w sprzeda\u017cy.<\/em><\/p>\n","protected":false},"featured_media":310593,"comment_status":"closed","ping_status":"closed","template":"","meta":[],"product_brand":[],"product_cat":[],"product_tag":[],"class_list":{"0":"post-307827","1":"product","2":"type-product","3":"status-publish","4":"has-post-thumbnail","7":"first","8":"instock","9":"taxable","10":"shipping-taxable","11":"purchasable","12":"product-type-variable"},"_links":{"self":[{"href":"https:\/\/shop.familinkframe.com\/pl\/wp-json\/wp\/v2\/product\/307827","targetHints":{"allow":["GET"]}}],"collection":[{"href":"https:\/\/shop.familinkframe.com\/pl\/wp-json\/wp\/v2\/product"}],"about":[{"href":"https:\/\/shop.familinkframe.com\/pl\/wp-json\/wp\/v2\/types\/product"}],"replies":[{"embeddable":true,"href":"https:\/\/shop.familinkframe.com\/pl\/wp-json\/wp\/v2\/comments?post=307827"}],"wp:featuredmedia":[{"embeddable":true,"href":"https:\/\/shop.familinkframe.com\/pl\/wp-json\/wp\/v2\/media\/310593"}],"wp:attachment":[{"href":"https:\/\/shop.familinkframe.com\/pl\/wp-json\/wp\/v2\/media?parent=307827"}],"wp:term":[{"taxonomy":"product_brand","embeddable":true,"href":"https:\/\/shop.familinkframe.com\/pl\/wp-json\/wp\/v2\/product_brand?post=307827"},{"taxonomy":"product_cat","embeddable":true,"href":"https:\/\/shop.familinkframe.com\/pl\/wp-json\/wp\/v2\/product_cat?post=307827"},{"taxonomy":"product_tag","embeddable":true,"href":"https:\/\/shop.familinkframe.com\/pl\/wp-json\/wp\/v2\/product_tag?post=307827"}],"curies":[{"name":"wp","href":"https:\/\/api.w.org\/{rel}","templated":true}]}}