{"id":7445,"date":"2017-05-17T20:28:59","date_gmt":"2017-05-17T19:28:59","guid":{"rendered":"https:\/\/shop.familinkframe.com\/produit\/familink-cornice-digitale-3g\/"},"modified":"2026-01-27T11:36:21","modified_gmt":"2026-01-27T10:36:21","slug":"familink-cornice-digitale-4g","status":"publish","type":"product","link":"https:\/\/shop.familinkframe.com\/it\/produit\/familink-cornice-digitale-4g\/","title":{"rendered":"Cornice  Familink"},"content":{"rendered":"<p><span style=\"font-weight: 400;\">Acquista Familink, la cornice 4G per tutta la famiglia!<\/span><\/p>\n<p><span style=\"font-weight: 400;\">Familink \u00e8 una cornice fotografica 4G e Wi-Fi per chi non ha internet. Con Familink la semplicit\u00e0 \u00e8 la chiave: nessuna impostazione, nessun menu, nessuna interfaccia! Viene consegnato pronto all&#8217;uso con la sua scheda SIM 4G integrata e configurata e 3 mesi di servizio 4G offerti. Basta collegarlo e le foto inviate vengono visualizzate all&#8217;istante.<\/span><\/p>\n<ul>\n<li style=\"font-weight: 400;\" aria-level=\"1\"><span style=\"font-weight: 400;\">Familink pu\u00f2 memorizzare fino a 10.000 foto!<\/span><\/li>\n<li>\u00c8 anche possibile inviare messaggi di testo e <a href=\"https:\/\/www.familinkframe.com\/it\/blog\/familink-video\/\">video.<\/a><\/li>\n<li style=\"font-weight: 400;\" aria-level=\"1\"><span style=\"font-weight: 400;\">Funziona su 4G e <a href=\"https:\/\/help.familinkframe.com\/hc\/it\/articles\/360013054840-Attivare-il-Wi-Fi\">Wi-Fi solo su rete privata<\/a><\/span><\/li>\n<li style=\"font-weight: 400;\" aria-level=\"1\"><span style=\"font-weight: 400;\">Funziona con una scheda SIM multi-operatore e in <a href=\"https:\/\/www.familinkframe.com\/it\/blog\/list-of-countries-where-familink-operates\/\" target=\"_blank\" rel=\"noopener\">oltre 100 paesi<\/a>!\u00a0<\/span><\/li>\n<li style=\"font-weight: 400;\" aria-level=\"1\"><span style=\"font-weight: 400;\">Pu\u00f2 essere configurato da remoto<\/span><\/li>\n<li style=\"font-weight: 400;\" aria-level=\"1\"><span style=\"font-weight: 400;\">Schermo da 7&#8243; (1024&#215;600) o 10&#8243; (1280&#215;800)<\/span><\/li>\n<li style=\"font-weight: 400;\" aria-level=\"1\"><span style=\"font-weight: 400;\">Dimensioni 20 x 15 x 5 cm (per il 7&#8243;) e 26,5 x 19 x 4 cm per il Familink 10&#8243;.<\/span><\/li>\n<li style=\"font-weight: 400;\" aria-level=\"1\"><span style=\"font-weight: 400;\">Si accende e si spegne automaticamente<\/span><\/li>\n<li style=\"font-weight: 400;\" aria-level=\"1\"><span style=\"font-weight: 400;\">Consuma 3W quando \u00e8 acceso<\/span><\/li>\n<li style=\"font-weight: 400;\" aria-level=\"1\"><span style=\"font-weight: 400;\">Nessun limite di utenti, tutta la famiglia pu\u00f2 inviare foto o messaggi<\/span><\/li>\n<li style=\"font-weight: 400;\" aria-level=\"1\"><span style=\"font-weight: 400;\">L&#8217;invio di foto avviene tramite la nostra applicazione, l&#8217;<a href=\"https:\/\/app.familinkframe.com\/\">interfaccia web<\/a>, l&#8217;<a href=\"https:\/\/help.familinkframe.com\/hc\/it\/articles\/360013260020-Come-si-invia-una-foto-via-e-mail\">e-mail<\/a> o <a href=\"https:\/\/help.familinkframe.com\/hc\/it\/articles\/4416277958674-Come-si-fa-a-entrare-nel-bot-di-Messenger-e-a-inviare-la-prima-foto-tramite-Messenger\">Messenger,<\/a> <a href=\"https:\/\/help.familinkframe.com\/hc\/it\/articles\/4418014027410-Come-ci-si-iscrive-al-bot-Telegram-e-si-invia-la-prima-foto-via-Telegram\">Telegram<\/a> , <a href=\"https:\/\/help.familinkframe.com\/hc\/it\/articles\/360018539620-Come-inviare-foto-su-Familink-tramite-WhatsApp\" target=\"_blank\" rel=\"noopener\">WhatsApp<\/a><\/span><\/li>\n<li style=\"font-weight: 400;\" aria-level=\"1\">Pu\u00f2 ricevere <strong data-start=\"306\" data-end=\"334\">fino a 10 foto al giorno<\/strong>, sia con connessione <strong data-start=\"356\" data-end=\"372\">4G che Wi-Fi<\/strong>. Con l\u2019<a href=\"https:\/\/www.familinkframe.com\/it\/blog\/familink-video\/\" target=\"_blank\" rel=\"noopener noreferrer\"><u>opzione video<\/u><\/a>, <strong data-start=\"399\" data-end=\"434\">l\u2019invio delle foto \u00e8 illimitato<\/strong>.<\/li>\n<li style=\"font-weight: 400;\" aria-level=\"1\"><span style=\"font-weight: 400;\">Garanzia: 2 anni<\/span><\/li>\n<li style=\"font-weight: 400;\" aria-level=\"1\"><span style=\"font-weight: 400;\">Caricabatterie incluso<\/span><\/li>\n<\/ul>\n","protected":false},"excerpt":{"rendered":"<p style=\"text-align: left;\"><span style=\"font-weight: 400;\">Familink \u00e8 una cornice connessa per chi non ha internet o non vuole imparare a usarlo. Con la sua scheda SIM 4G inclusa e l&#8217;abbonamento gratuito, Familink viene consegnato pronto all&#8217;uso, basta collegarlo per farlo funzionare.<\/span><\/p>\n<p style=\"text-align: left;\"><span style=\"font-weight: 400;\">Con Familink, tutta la famiglia pu\u00f2 condividere istantaneamente foto e <a href=\"https:\/\/www.familinkframe.com\/it\/blog\/familink-video\/\" target=\"_blank\" rel=\"noopener\">videos<\/a> e testi sulla cornice, dalla nostra applicazione mobile, dal nostro <a href=\"https:\/\/app.familinkframe.com\/\">sito web<\/a> per l&#8217;invio di foto, via <a href=\"https:\/\/help.familinkframe.com\/hc\/it\/articles\/360013260020-Come-si-invia-una-foto-via-e-mail\">e-mail<\/a> o anche tramite <a href=\"https:\/\/help.familinkframe.com\/hc\/it\/articles\/4416277958674-Come-si-fa-a-entrare-nel-bot-di-Messenger-e-a-inviare-la-prima-foto-tramite-Messenger\">Messenger<\/a>, <a href=\"https:\/\/help.familinkframe.com\/hc\/it\/articles\/4418014027410-Come-ci-si-iscrive-al-bot-Telegram-e-si-invia-la-prima-foto-via-Telegram\">Telegram<\/a> ,\u00a0 <a href=\"https:\/\/help.familinkframe.com\/hc\/it\/articles\/360018539620-Come-inviare-foto-su-Familink-tramite-WhatsApp\" target=\"_blank\" rel=\"noopener\">WhatsApp<\/a><\/span><\/p>\n<p style=\"text-align: left;\"><span style=\"font-weight: 400;\">Familink ha un prezzo di 169,90 euro IVA inclusa (219,90 euro per la versione da 10 pollici). Questo prezzo comprende la cornice, la scheda SIM gi\u00e0 installata e configurata e 3 mesi di servizio gratuito. Dopo 3 mesi, \u00e8 necessario rinnovare il servizio a 5,90\u20ac TTC al mese senza impegno o utilizzare la cornice gratuitamente collegandola a una rete Wi-Fi.<\/span><\/p>\n<p style=\"text-align: left;\"><span style=\"font-weight: 400;\">Il caricabatterie \u00e8 incluso.<\/span><\/p>\n<p style=\"text-align: left;\"><b>Dimensioni<\/b><span style=\"font-weight: 400;\"> :<\/span><\/p>\n<ul style=\"text-align: left;\">\n<li style=\"font-weight: 400;\" aria-level=\"1\"><b>Cornice Familink 7 pollici<\/b><span style=\"font-weight: 400;\">: 20 cm di larghezza x 14 cm di altezza x 4 cm di profondit\u00e0. Lo schermo misura 7 pollici, ovvero circa le dimensioni di una foto 10&#215;15 cm, con una risoluzione di 1024 x 600 px. Il caricabatterie \u00e8 incluso.<\/span><\/li>\n<li style=\"font-weight: 400;\" aria-level=\"1\"><b>Cornice Familink da 10 pollici<\/b><span style=\"font-weight: 400;\">: 26,5 cm di larghezza x 19 di altezza x 4 di profondit\u00e0. Lo schermo misura 10 pollici, che corrisponde a un formato A5, con una risoluzione di 1280 x 800 px. Il caricabatterie \u00e8 incluso.<\/span><\/li>\n<\/ul>\n<p style=\"text-align: left;\"><span style=\"font-weight: 400;\">Il Familink \u00e8 garantito per 2 anni.<\/span><\/p>\n<p style=\"text-align: left;\"><span style=\"font-weight: 400;\">Il caricabatterie \u00e8 incluso.<\/span><\/p>\n<p style=\"text-align: left;\"><span style=\"font-weight: 400;\">Avete domande? Consultate <\/span><a href=\"https:\/\/help.familinkframe.com\/hc\/it\"><span style=\"font-weight: 400;\">le nostre FAQ<\/span><\/a><span style=\"font-weight: 400;\">!<\/span><\/p>\n<p><em>Il telaio nero da 10 pollici non \u00e8 pi\u00f9 in commercio.<\/em><\/p>\n","protected":false},"featured_media":310592,"comment_status":"closed","ping_status":"closed","template":"","meta":[],"product_brand":[],"product_cat":[82],"product_tag":[],"class_list":{"0":"post-7445","1":"product","2":"type-product","3":"status-publish","4":"has-post-thumbnail","6":"product_cat-non-classe-it","7":"product_shipping_class-expeditions-cadres-familink-it","9":"first","10":"instock","11":"taxable","12":"shipping-taxable","13":"purchasable","14":"product-type-variable"},"_links":{"self":[{"href":"https:\/\/shop.familinkframe.com\/it\/wp-json\/wp\/v2\/product\/7445","targetHints":{"allow":["GET"]}}],"collection":[{"href":"https:\/\/shop.familinkframe.com\/it\/wp-json\/wp\/v2\/product"}],"about":[{"href":"https:\/\/shop.familinkframe.com\/it\/wp-json\/wp\/v2\/types\/product"}],"replies":[{"embeddable":true,"href":"https:\/\/shop.familinkframe.com\/it\/wp-json\/wp\/v2\/comments?post=7445"}],"wp:featuredmedia":[{"embeddable":true,"href":"https:\/\/shop.familinkframe.com\/it\/wp-json\/wp\/v2\/media\/310592"}],"wp:attachment":[{"href":"https:\/\/shop.familinkframe.com\/it\/wp-json\/wp\/v2\/media?parent=7445"}],"wp:term":[{"taxonomy":"product_brand","embeddable":true,"href":"https:\/\/shop.familinkframe.com\/it\/wp-json\/wp\/v2\/product_brand?post=7445"},{"taxonomy":"product_cat","embeddable":true,"href":"https:\/\/shop.familinkframe.com\/it\/wp-json\/wp\/v2\/product_cat?post=7445"},{"taxonomy":"product_tag","embeddable":true,"href":"https:\/\/shop.familinkframe.com\/it\/wp-json\/wp\/v2\/product_tag?post=7445"}],"curies":[{"name":"wp","href":"https:\/\/api.w.org\/{rel}","templated":true}]}}