{"id":67771,"date":"2020-03-09T12:14:52","date_gmt":"2020-03-09T11:14:54","guid":{"rendered":"https:\/\/shop.familinkframe.com\/?post_type=product&#038;p=67771"},"modified":"2023-11-10T13:01:54","modified_gmt":"2023-11-10T12:01:54","slug":"familink-cornice-digitale-3g-copie","status":"publish","type":"product","link":"https:\/\/shop.familinkframe.com\/it\/produit\/familink-cornice-digitale-3g-copie\/","title":{"rendered":"Cornice ricondizionata"},"content":{"rendered":"<p>Acquista Familink, la cornice 3G per tutta la famiglia!<\/p>\n<p>Familink \u00e8 una cornice fotografica 3G e Wi-Fi per le persone che non hanno Internet. Con Familink, la semplicit\u00e0 \u00e8 al rendez-vous: nessuna impostazione, nessun menu, nessuna interfaccia!<\/p>\n<p>Familink si accende da solo al mattino, si spegne di notte. Le foto inviate appaiono in modo immediato sulla cornice.<\/p>\n<p>\u00c8 possibile inviare 10 foto al giorno se la cornice digitale \u00e8 collegata in 3G e un numero illimitato se \u00e8 connessa al Wi-Fi. Attenzione, Familink pu\u00f2 connettersi al Wi-Fi solo su reti private.<\/p>\n","protected":false},"excerpt":{"rendered":"<p>Familink \u00e8 una cornice fotografica pronta per l&#8217;uso per tutti coloro che non hanno Internet o non possono attivarlo. Grazie alla sua carta SIM 3G inclusa e al suo abbonamento gratuito, Familink \u00e8 consegnata pronta per l&#8217;uso.<\/p>\n<p>La scheda Sim consente di ricevere 10 foto al giorno se la cornice digitale \u00e8 collegata via la SIM 3G e un numero illimitato se \u00e8 connessa al Wi-Fi.<\/p>\n<p>Con Familink, tutta la famiglia pu\u00f2 condividere foto, dall&#8217;app mobile dedicata, dal sito internet, oppure via email!<\/p>\n<p><img loading=\"lazy\" decoding=\"async\" class=\"alignnone size-medium wp-image-794\" src=\"https:\/\/shop.familinkframe.com\/wp-content\/uploads\/2017\/05\/Screenshot_2015-05-11-12-44-24_framed-175x300.png\" alt=\"\" width=\"175\" height=\"300\" \/><\/p>\n<p>Familink \u00e8 venduto a 149,90 \u20ac TTC. Questo prezzo include la cornice, la scheda SIM gi\u00e0 installata e configurata, oltre a 3 mesi di servizio offerti. Alla scadenza dei 3 mesi gratuiti, sar\u00e0 necessario rinnovare il servizio per 3,90 \u20ac IVA compresa\/al mese senza impegno o utilizzare gratuitamente la conrnice collegandola a una rete Wi-Fi.<\/p>\n<p>&nbsp;<\/p>\n<p><a href=\"https:\/\/www.familinkframe.com\/it\/contact\">Una domanda? Controlla le nostre FAQ!<\/a><\/p>\n","protected":false},"featured_media":62218,"comment_status":"closed","ping_status":"closed","template":"","meta":[],"product_brand":[],"product_cat":[82],"product_tag":[],"class_list":{"0":"post-67771","1":"product","2":"type-product","3":"status-publish","4":"has-post-thumbnail","6":"product_cat-non-classe-it","7":"product_shipping_class-expeditions-cadres-familink-it","9":"first","10":"outofstock","11":"taxable","12":"shipping-taxable","13":"purchasable","14":"product-type-simple"},"_links":{"self":[{"href":"https:\/\/shop.familinkframe.com\/it\/wp-json\/wp\/v2\/product\/67771","targetHints":{"allow":["GET"]}}],"collection":[{"href":"https:\/\/shop.familinkframe.com\/it\/wp-json\/wp\/v2\/product"}],"about":[{"href":"https:\/\/shop.familinkframe.com\/it\/wp-json\/wp\/v2\/types\/product"}],"replies":[{"embeddable":true,"href":"https:\/\/shop.familinkframe.com\/it\/wp-json\/wp\/v2\/comments?post=67771"}],"wp:featuredmedia":[{"embeddable":true,"href":"https:\/\/shop.familinkframe.com\/it\/wp-json\/wp\/v2\/media\/62218"}],"wp:attachment":[{"href":"https:\/\/shop.familinkframe.com\/it\/wp-json\/wp\/v2\/media?parent=67771"}],"wp:term":[{"taxonomy":"product_brand","embeddable":true,"href":"https:\/\/shop.familinkframe.com\/it\/wp-json\/wp\/v2\/product_brand?post=67771"},{"taxonomy":"product_cat","embeddable":true,"href":"https:\/\/shop.familinkframe.com\/it\/wp-json\/wp\/v2\/product_cat?post=67771"},{"taxonomy":"product_tag","embeddable":true,"href":"https:\/\/shop.familinkframe.com\/it\/wp-json\/wp\/v2\/product_tag?post=67771"}],"curies":[{"name":"wp","href":"https:\/\/api.w.org\/{rel}","templated":true}]}}