{"id":307781,"date":"2017-05-17T20:28:59","date_gmt":"2017-05-17T19:28:59","guid":{"rendered":"https:\/\/shop.familinkframe.com\/produit\/familink-fotokeret\/"},"modified":"2026-01-27T11:32:09","modified_gmt":"2026-01-27T10:32:09","slug":"familink-fotokeret","status":"publish","type":"product","link":"https:\/\/shop.familinkframe.com\/hu\/produit\/familink-fotokeret\/","title":{"rendered":"Familink fot\u00f3keret"},"content":{"rendered":"<p>Familink, a 4G-s k\u00e9pkeret az eg\u00e9sz csal\u00e1d sz\u00e1m\u00e1ra!<\/p>\n<p>A Familink egy internetkapcsolattal rendelkez\u0151 k\u00e9pkeret id\u0151sek sz\u00e1m\u00e1ra, akik nem rendelkeznek internet-hozz\u00e1f\u00e9r\u00e9ssel, vagy nem szeretn\u00e9k azt haszn\u00e1lni. A Familink k\u00e9pkeretek 4G-n vagy Wi-Fi-n kereszt\u00fcl m\u0171k\u00f6dnek. A Familink haszn\u00e1lata rendk\u00edv\u00fcl egyszer\u0171: csak csatlakoztassa, \u00e9s m\u00e1ris m\u0171k\u00f6dik. Minden be\u00e1ll\u00edt\u00e1st t\u00e1volr\u00f3l kezelhet\u00fcnk mobilalkalmaz\u00e1sunkon vagy weboldalunkon kereszt\u00fcl. A term\u00e9k haszn\u00e1latra k\u00e9sz \u00e1llapotban ker\u00fcl kisz\u00e1ll\u00edt\u00e1sra, be\u00e9p\u00edtett \u00e9s be\u00e1ll\u00edtott 4G SIM-k\u00e1rty\u00e1val, valamint 3 h\u00f3nap ingyenes 4G-szolg\u00e1ltat\u00e1ssal. A k\u00fcld\u00f6tt fot\u00f3k azonnal megjelennek.<\/p>\n<ul>\n<li>A Familink ak\u00e1r 10 000 fot\u00f3t is t\u00e1rolhat!<\/li>\n<li>Sz\u00f6veges \u00fczenetek \u00e9s <a href=\"https:\/\/www.familinkframe.com\/hu\/blog\/familink-video\/\">vide\u00f3k<\/a> k\u00fcld\u00e9se is lehets\u00e9ges.<\/li>\n<li>4G-n \u00e9s<a href=\"https:\/\/help.familinkframe.com\/hc\/hu\/articles\/360013054840-Hogyan-tudom-aktiv%C3%A1lni-a-Wi-Fi-t\"> Wi-Fi-n kereszt\u00fcl m\u0171k\u00f6dik<\/a>, kiz\u00e1r\u00f3lag mag\u00e1nh\u00e1l\u00f3zaton.<\/li>\n<li>T\u00f6bbszolg\u00e1ltat\u00f3i SIM-k\u00e1rty\u00e1val \u00e9s t\u00f6bb mint <a href=\"https:\/\/www.familinkframe.com\/hu\/blog\/list-of-countries-where-familink-operates\/\" target=\"_blank\" rel=\"noopener\">100 orsz\u00e1gban m\u0171k\u00f6dik<\/a>!<\/li>\n<li>T\u00e1volr\u00f3l be\u00e1ll\u00edthat\u00f3.<\/li>\n<li>7\u201d (1024&#215;600) vagy 10&#8243; (1280&#215;800) k\u00e9perny\u0151.<\/li>\n<li>M\u00e9retek: 20 x 15 x 5 cm (a 7\u201e modelln\u00e9l) \u00e9s 26,5 x 19 x 4 cm a Familink 10\u201d modelln\u00e9l.<\/li>\n<li>Automatikusan be- \u00e9s kikapcsol.<\/li>\n<li>Bekapcsolt \u00e1llapotban 3 W-ot fogyaszt<\/li>\n<li>Nincs felhaszn\u00e1l\u00f3i korl\u00e1toz\u00e1s, az eg\u00e9sz csal\u00e1d k\u00fcldhet fot\u00f3kat vagy \u00fczeneteket<\/li>\n<li>A fot\u00f3k k\u00fcld\u00e9se az alkalmaz\u00e1sunkon, <a href=\"https:\/\/app.familinkframe.com\/\">webes fel\u00fclet\u00fcnk\u00f6n<\/a>, <a href=\"https:\/\/help.familinkframe.com\/hc\/hu\/articles\/360013260020-Hogyan-k%C3%BCldhetek-f%C3%A9nyk%C3%A9pet-e-mailben\">e-mailben<\/a>, <a href=\"https:\/\/help.familinkframe.com\/hc\/hu\/articles\/360018539620-Hogyan-k%C3%BCldhet%C3%BCnk-fot%C3%B3kat-a-Familinknek-a-WhatsApp-seg%C3%ADts%C3%A9g%C3%A9vel\" target=\"_blank\" rel=\"noopener\">WhatsApp<\/a>, <a href=\"https:\/\/help.familinkframe.com\/hc\/hu\/articles\/360013096760-K%C3%BCldhetek-fot%C3%B3kat-Messenger-vagy-Telegram-seg%C3%ADts%C3%A9g%C3%A9vel\">Messengerben<\/a> vagy <a href=\"https:\/\/help.familinkframe.com\/hc\/hu\/articles\/4418014027410-Hogyan-csatlakozhatsz-a-Telegram-bothoz-%C3%A9s-k%C3%BCldheted-el-az-els%C5%91-fot%C3%B3dat-Telegramon-kereszt%C3%BCl\">Telegramban<\/a> t\u00f6rt\u00e9nik<\/li>\n<li>Ezen a kapcsolaton kereszt\u00fcl naponta 10 f\u00e9nyk\u00e9pet fogadhat. A f\u00e9nyk\u00e9pek k\u00fcld\u00e9se a <a href=\"https:\/\/www.familinkframe.com\/hu\/blog\/familink-video\/\"><u>vide\u00f3<\/u><\/a> opci\u00f3val korl\u00e1tlan.<\/li>\n<li>Garancia: 2 \u00e9v<\/li>\n<li>T\u00f6lt\u0151vel egy\u00fctt<\/li>\n<\/ul>\n","protected":false},"excerpt":{"rendered":"<p>A Familink egy internetkapcsolattal rendelkez\u0151 k\u00e9pkeret azok sz\u00e1m\u00e1ra, akik nem rendelkeznek internet-hozz\u00e1f\u00e9r\u00e9ssel, vagy nem akarnak megtanulni annak haszn\u00e1lat\u00e1t. A be\u00e9p\u00edtett 4G SIM-k\u00e1rty\u00e1nak \u00e9s a 3 h\u00f3napos ingyenes el\u0151fizet\u00e9snek k\u00f6sz\u00f6nhet\u0151en a Familink haszn\u00e1latra k\u00e9sz \u00e1llapotban ker\u00fcl kisz\u00e1ll\u00edt\u00e1sra. A k\u00e9pkeret m\u0171k\u00f6d\u00e9s\u00e9hez csak be kell dugni a csatlakoz\u00f3t.<\/p>\n<p>A Familink seg\u00edts\u00e9g\u00e9vel az eg\u00e9sz csal\u00e1d azonnal megoszthatja f\u00e9nyk\u00e9peit, sz\u00f6veges \u00fczeneteit \u00e9s <a href=\"https:\/\/www.familinkframe.com\/hu\/blog\/familink-video\/\">vide\u00f3it<\/a> a k\u00e9pkereten, mobilalkalmaz\u00e1sunkon, fot\u00f3felt\u00f6lt\u0151 <a href=\"https:\/\/app.familinkframe.com\/\">weboldalunkon<\/a>, e-<a href=\"https:\/\/help.familinkframe.com\/hc\/hu\/articles\/360013260020-Hogyan-k%C3%BCldhetek-f%C3%A9nyk%C3%A9pet-e-mailben\">mailben<\/a>, vagy ak\u00e1r <a href=\"https:\/\/help.familinkframe.com\/hc\/hu\/articles\/360013096760-K%C3%BCldhetek-fot%C3%B3kat-Messenger-vagy-Telegram-seg%C3%ADts%C3%A9g%C3%A9vel\">Messenger<\/a> vagy <a href=\"https:\/\/help.familinkframe.com\/hc\/hu\/articles\/360018539620-Hogyan-k%C3%BCldhet%C3%BCnk-fot%C3%B3kat-a-Familinknek-a-WhatsApp-seg%C3%ADts%C3%A9g%C3%A9vel\" target=\"_blank\" rel=\"noopener\">WhatsApp<\/a> vagy <a href=\"https:\/\/help.familinkframe.com\/hc\/hu\/articles\/4418014027410-Hogyan-csatlakozhatsz-a-Telegram-bothoz-%C3%A9s-k%C3%BCldheted-el-az-els%C5%91-fot%C3%B3dat-Telegramon-kereszt%C3%BCl\">Telegram<\/a> \u00fczenetk\u00fcld\u0151 alkalmaz\u00e1sokon kereszt\u00fcl.<\/p>\n<p>A Familink \u00e1ra 169,90 \u20ac \u00e1f\u00e1val (219,90 \u20ac a 10 h\u00fcvelykes v\u00e1ltozat). Az \u00e1r tartalmazza a keretet, a m\u00e1r behelyezett \u00e9s be\u00e1ll\u00edtott SIM-k\u00e1rty\u00e1t, valamint 3 h\u00f3nap ingyenes el\u0151fizet\u00e9st. 3 h\u00f3nap ut\u00e1n a szolg\u00e1ltat\u00e1st 5,90 \u20ac \u00e1f\u00e1val kell meg\u00faj\u00edtani havonta, k\u00f6telezetts\u00e9gv\u00e1llal\u00e1s n\u00e9lk\u00fcl, vagy a keretet ingyenesen lehet haszn\u00e1lni, ha Wi-Fi h\u00e1l\u00f3zathoz csatlakoztatja.<\/p>\n<p>A t\u00f6lt\u0151 a csomag r\u00e9sze.<\/p>\n<p><strong>M\u00e9retek<\/strong>:<\/p>\n<ul>\n<li><strong>7 h\u00fcvelykes Familink keret<\/strong>: 20 cm sz\u00e9les x 14 cm magas x 4 cm m\u00e9ly. A k\u00e9perny\u0151 m\u00e9rete 7 h\u00fcvelyk, ami k\u00f6r\u00fclbel\u00fcl egy 10&#215;15 cm-es f\u00e9nyk\u00e9pnek felel meg, felbont\u00e1sa 1024 x 600 px. A t\u00f6lt\u0151 a csomag r\u00e9sze.<\/li>\n<li><strong>10 h\u00fcvelykes Familink keret<\/strong>: 26,5 cm sz\u00e9les x 19 cm magas x 4 cm m\u00e9ly. A k\u00e9perny\u0151 m\u00e9rete 10 h\u00fcvelyk, ami egy A5-\u00f6s form\u00e1tumnak felel meg, felbont\u00e1sa 1280 x 800 px. A t\u00f6lt\u0151 a csomagban tal\u00e1lhat\u00f3.<br \/>\nA Familink-re 2 \u00e9v garancia vonatkozik.<\/li>\n<\/ul>\n<p>A t\u00f6lt\u0151 a csomagban tal\u00e1lhat\u00f3.<\/p>\n<p>K\u00e9rd\u00e9se van? <a href=\"https:\/\/help.familinkframe.com\/hc\/hu\">Olvassa el a GYIK-et<\/a>.<\/p>\n<p><em>A fekete 10 h\u00fcvelykes keret m\u00e1r nem kaphat\u00f3.<\/em><\/p>\n","protected":false},"featured_media":310591,"comment_status":"closed","ping_status":"closed","template":"","meta":[],"product_brand":[],"product_cat":[],"product_tag":[],"class_list":{"0":"post-307781","1":"product","2":"type-product","3":"status-publish","4":"has-post-thumbnail","7":"first","8":"instock","9":"taxable","10":"shipping-taxable","11":"purchasable","12":"product-type-variable"},"_links":{"self":[{"href":"https:\/\/shop.familinkframe.com\/hu\/wp-json\/wp\/v2\/product\/307781","targetHints":{"allow":["GET"]}}],"collection":[{"href":"https:\/\/shop.familinkframe.com\/hu\/wp-json\/wp\/v2\/product"}],"about":[{"href":"https:\/\/shop.familinkframe.com\/hu\/wp-json\/wp\/v2\/types\/product"}],"replies":[{"embeddable":true,"href":"https:\/\/shop.familinkframe.com\/hu\/wp-json\/wp\/v2\/comments?post=307781"}],"wp:featuredmedia":[{"embeddable":true,"href":"https:\/\/shop.familinkframe.com\/hu\/wp-json\/wp\/v2\/media\/310591"}],"wp:attachment":[{"href":"https:\/\/shop.familinkframe.com\/hu\/wp-json\/wp\/v2\/media?parent=307781"}],"wp:term":[{"taxonomy":"product_brand","embeddable":true,"href":"https:\/\/shop.familinkframe.com\/hu\/wp-json\/wp\/v2\/product_brand?post=307781"},{"taxonomy":"product_cat","embeddable":true,"href":"https:\/\/shop.familinkframe.com\/hu\/wp-json\/wp\/v2\/product_cat?post=307781"},{"taxonomy":"product_tag","embeddable":true,"href":"https:\/\/shop.familinkframe.com\/hu\/wp-json\/wp\/v2\/product_tag?post=307781"}],"curies":[{"name":"wp","href":"https:\/\/api.w.org\/{rel}","templated":true}]}}