{"id":67770,"date":"2020-03-09T12:14:52","date_gmt":"2020-03-09T11:14:54","guid":{"rendered":"https:\/\/shop.familinkframe.com\/?post_type=product&#038;p=67770"},"modified":"2023-11-10T13:02:13","modified_gmt":"2023-11-10T12:02:13","slug":"familink-2020-marco-de-fotos-3g-copie","status":"publish","type":"product","link":"https:\/\/shop.familinkframe.com\/es\/produit\/familink-2020-marco-de-fotos-3g-copie\/","title":{"rendered":"Marco de fotos reacondicionado"},"content":{"rendered":"<p>\u00a1Compra Familink, el marco de fotos 3G para toda la familia!<\/p>\n<p>Familink es un marco de fotos 3G y Wi-Fi para personas que no tienen internet. Con Familink, la simplicidad es muy importante, no hay configuraciones, no men\u00fas, no interfaz.<\/p>\n<p>Familink se enciende solo por la ma\u00f1ana, se apaga por la noche. Las fotos enviadas se muestran al instante.<\/p>\n<p>Puede enviar 10 fotos por d\u00eda si el marco est\u00e1 conectado en 3G y un n\u00famero ilimitado si est\u00e1 conectado en Wi-Fi.<\/p>\n<p>Cuidado, Familink puede conectarse a Wi-Fi solo en una red Wi-Fi privada.<\/p>\n","protected":false},"excerpt":{"rendered":"<p>Familink es un marco de fotos 3G y Wi-Fi para personas que no tienen internet. Con Familink, la simplicidad es muy importante, no hay configuraciones, no men\u00fas, no interfaz.<\/p>\n<p>Familink se enciende solo por la ma\u00f1ana, se apaga por la noche. Las fotos enviadas se muestran al instante.<\/p>\n<p>Puede enviar 10 fotos por d\u00eda si el marco est\u00e1 conectado en 3G y un n\u00famero ilimitado si est\u00e1 conectado en Wi-Fi.<\/p>\n<p><img loading=\"lazy\" decoding=\"async\" class=\"alignnone size-medium wp-image-794\" src=\"https:\/\/shop.familinkframe.com\/wp-content\/uploads\/2017\/05\/Screenshot_2015-05-11-12-44-24_framed-175x300.png\" alt=\"\" width=\"175\" height=\"300\" \/><\/p>\n<p>&nbsp;<\/p>\n<p>Familink es vendido al precio de 149.90\u20ac. Este precio incluye el marco, la tarjeta SIM ya instalada y configurada y tambien 3 meses de servicios ofrecidos. Tras los 3 meses, es necesario renovar el servicio por 3.90\u20ac\/meses, sin compromiso, o usar el marco gratis con una conexi\u00f3n a la red Wi-Fi.<\/p>\n<p>Cuidado, Familink puede conectarse a Wi-Fi solo en una red Wi-Fi privada.<\/p>\n<p><a href=\"https:\/\/www.familinkframe.com\/es\/faq\/\" target=\"_blank\" rel=\"noopener noreferrer\">\u00bfUna pregunta? Consulte nuestras Preguntas Frecuentes (FAQ)Consultez notre FAQ !<\/a><\/p>\n","protected":false},"featured_media":62219,"comment_status":"closed","ping_status":"closed","template":"","meta":[],"product_brand":[],"product_cat":[83],"product_tag":[],"class_list":{"0":"post-67770","1":"product","2":"type-product","3":"status-publish","4":"has-post-thumbnail","6":"product_cat-non-classe-es","7":"product_shipping_class-expeditions-cadres-familink-es","9":"first","10":"outofstock","11":"taxable","12":"shipping-taxable","13":"purchasable","14":"product-type-simple"},"_links":{"self":[{"href":"https:\/\/shop.familinkframe.com\/es\/wp-json\/wp\/v2\/product\/67770","targetHints":{"allow":["GET"]}}],"collection":[{"href":"https:\/\/shop.familinkframe.com\/es\/wp-json\/wp\/v2\/product"}],"about":[{"href":"https:\/\/shop.familinkframe.com\/es\/wp-json\/wp\/v2\/types\/product"}],"replies":[{"embeddable":true,"href":"https:\/\/shop.familinkframe.com\/es\/wp-json\/wp\/v2\/comments?post=67770"}],"wp:featuredmedia":[{"embeddable":true,"href":"https:\/\/shop.familinkframe.com\/es\/wp-json\/wp\/v2\/media\/62219"}],"wp:attachment":[{"href":"https:\/\/shop.familinkframe.com\/es\/wp-json\/wp\/v2\/media?parent=67770"}],"wp:term":[{"taxonomy":"product_brand","embeddable":true,"href":"https:\/\/shop.familinkframe.com\/es\/wp-json\/wp\/v2\/product_brand?post=67770"},{"taxonomy":"product_cat","embeddable":true,"href":"https:\/\/shop.familinkframe.com\/es\/wp-json\/wp\/v2\/product_cat?post=67770"},{"taxonomy":"product_tag","embeddable":true,"href":"https:\/\/shop.familinkframe.com\/es\/wp-json\/wp\/v2\/product_tag?post=67770"}],"curies":[{"name":"wp","href":"https:\/\/api.w.org\/{rel}","templated":true}]}}