{"id":241568,"date":"2024-05-22T09:26:14","date_gmt":"2024-05-22T08:26:16","guid":{"rendered":"https:\/\/shop.familinkframe.com\/?post_type=product&#038;p=241568"},"modified":"2024-10-25T12:57:25","modified_gmt":"2024-10-25T11:57:25","slug":"pack-premium-familink-copie","status":"publish","type":"product","link":"https:\/\/shop.familinkframe.com\/es\/produit\/pack-premium-familink-copie\/","title":{"rendered":"Pack Premium: marco Familink + 6 meses de revista Familink en papel"},"content":{"rendered":"<p>\u00a1Regale felicidad a sus seres queridos estas Navidades! El pack premium Familink te permite regalar nuestros mejores productos a tus seres queridos.<\/p>\n<h3>El pack premium Familink incluye :<\/h3>\n<ul>\n<li><strong>Un marco de fotos conectado de 10 pulgadas:<\/strong><br \/>Familink es un marco de fotos conectado dise\u00f1ado para personas mayores que no tienen acceso a Internet o no quieren usarlo. Los marcos Familink funcionan con 4G o WiFi. Familink es tan sencillo como enchufarlo y ya funciona. Adem\u00e1s, todos los ajustes se pueden gestionar a distancia a trav\u00e9s de nuestra aplicaci\u00f3n m\u00f3vil o sitio web. Se entrega listo para usar, con una tarjeta SIM 4G integrada y ajustes, adem\u00e1s de 3 meses de servicio 4G gratuito. Las fotos enviadas se muestran al instante.\n<ul>\n<li>Familink puede almacenar hasta 10.000 fotos.<\/li>\n<li>Tambi\u00e9n puedes enviar mensajes de texto.<\/li>\n<li>Funciona con 4G y Wi-Fi s\u00f3lo en una red privada<\/li>\n<li>Funciona en m\u00e1s de 100 pa\u00edses<\/li>\n<li>Se puede configurar a distancia<\/li>\n<li>Pantalla de 10\u2033 (1280\u00d7800)<\/li>\n<li>Dimensiones 26,5 x 19 x 4 cm<\/li>\n<li>Se enciende y apaga autom\u00e1ticamente<\/li>\n<li>Consume 3 W cuando est\u00e1 encendido<\/li>\n<li>Sin l\u00edmite de usuarios, toda la familia puede enviar fotos o mensajes<\/li>\n<li>Las fotos se pueden enviar a trav\u00e9s de nuestra aplicaci\u00f3n, interfaz web, correo electr\u00f3nico, Messenger o Telegram<\/li>\n<li>Puede recibir 10 fotos \/ d\u00eda si est\u00e1 conectado a 4G, y un n\u00famero ilimitado de fotos si est\u00e1 conectado a Wi-Fi.<\/li>\n<li>Garant\u00eda: 2 a\u00f1os<\/li>\n<li><strong>Cargador incluido<\/strong><\/li>\n<\/ul>\n<\/li>\n<\/ul>\n<p><\/p>\n<ul>\n<li><strong>Un kit de revista:<\/strong><br \/>La revista Familink es un diario fotogr\u00e1fico impreso en forma de revista. Cada mes, s\u00f3lo tienes que seleccionar las 30 fotos que quieres que aparezcan en tu revista. Tendr\u00e1s entre el 1 y el 4 del mes siguiente para seleccionar tus fotos, y nosotros nos encargaremos autom\u00e1ticamente de la maquetaci\u00f3n. 6 meses de suscripci\u00f3n para descubrir nuestro producto. \u00a1El regalo perfecto para sus seres queridos! Durante estos 6 meses, podr\u00e1 enviar fotos a trav\u00e9s de nuestra aplicaci\u00f3n m\u00f3vil o nuestra p\u00e1gina web para que aparezcan cada mes en su revista, enviada a la direcci\u00f3n que elija.Para guiarle en la creaci\u00f3n de su revista, encontrar\u00e1 en el kit un manual explicativo que le mostrar\u00e1 cada paso a seguir para sorprender a sus seres queridos. La revista Familink es :\n<ul>\n<li>Hasta 30 fotos por revista<\/li>\n<li>Suscripci\u00f3n sin compromiso<\/li>\n<li>Entrega mensual incluida<\/li>\n<li>M\u00faltiples formas de enviar las fotos: aplicaci\u00f3n m\u00f3vil, p\u00e1gina web, Telegram, Messenger o por correo electr\u00f3nico<\/li>\n<li>N\u00famero ilimitado de usuarios, para que toda la familia pueda participar<\/li>\n<\/ul>\n<\/li>\n<li>Cada producto viene envuelto para regalo.<\/li>\n<\/ul>\n","protected":false},"excerpt":{"rendered":"<p>Estas Navidades, \u00a1regala lo mejor de Familink a los tuyos con el Pack Premium Familink!<\/p>\n<p><strong>El pack incluye :<\/strong><\/p>\n<ul>\n<li>Un marco de fotos de 10 pulgadas<\/li>\n<li>Un kit de revistas<\/li>\n<li>Embalaje de regalo para cada uno de estos productos<\/li>\n<\/ul>\n<p><strong>Familink es un marco de fotos conectado para todos aquellos que no tienen Internet o no quieren aprender a usarlo.<\/strong><\/p>\n<p>Con una tarjeta SIM 4G incluida y una suscripci\u00f3n gratuita de 3 meses, Familink se entrega listo para usar. Todo lo que tienes que hacer es conectarlo y ya est\u00e1 listo para funcionar. Con Familink, toda la familia puede compartir fotos y mensajes de texto al instante en el marco, desde nuestra aplicaci\u00f3n m\u00f3vil, nuestro sitio web de env\u00edo de fotos, por correo electr\u00f3nico o incluso por Messenger o Telegram.<\/p>\n<p><strong>La revista Familink es un diario fotogr\u00e1fico impreso en forma de revista. En unos pocos clics, puedes enviar las fotos que elijas a trav\u00e9s de nuestro sitio web, Messenger o incluso por correo electr\u00f3nico.<\/strong><\/p>\n<p>Cada revista puede contener hasta 30 fotos de toda la familia: el n\u00famero de usuarios es ilimitado. A continuaci\u00f3n, las fotos se agrupan autom\u00e1ticamente en forma de revista que se env\u00eda mensualmente a la persona que elijas.<\/p>\n","protected":false},"featured_media":241578,"comment_status":"closed","ping_status":"closed","template":"","meta":[],"product_brand":[],"product_cat":[58],"product_tag":[],"class_list":{"0":"post-241568","1":"product","2":"type-product","3":"status-publish","4":"has-post-thumbnail","6":"product_cat-non-classe","7":"product_shipping_class-expeditions-cadres-familink-es","9":"first","10":"instock","11":"taxable","12":"shipping-taxable","13":"purchasable","14":"product-type-variable"},"_links":{"self":[{"href":"https:\/\/shop.familinkframe.com\/es\/wp-json\/wp\/v2\/product\/241568","targetHints":{"allow":["GET"]}}],"collection":[{"href":"https:\/\/shop.familinkframe.com\/es\/wp-json\/wp\/v2\/product"}],"about":[{"href":"https:\/\/shop.familinkframe.com\/es\/wp-json\/wp\/v2\/types\/product"}],"replies":[{"embeddable":true,"href":"https:\/\/shop.familinkframe.com\/es\/wp-json\/wp\/v2\/comments?post=241568"}],"wp:featuredmedia":[{"embeddable":true,"href":"https:\/\/shop.familinkframe.com\/es\/wp-json\/wp\/v2\/media\/241578"}],"wp:attachment":[{"href":"https:\/\/shop.familinkframe.com\/es\/wp-json\/wp\/v2\/media?parent=241568"}],"wp:term":[{"taxonomy":"product_brand","embeddable":true,"href":"https:\/\/shop.familinkframe.com\/es\/wp-json\/wp\/v2\/product_brand?post=241568"},{"taxonomy":"product_cat","embeddable":true,"href":"https:\/\/shop.familinkframe.com\/es\/wp-json\/wp\/v2\/product_cat?post=241568"},{"taxonomy":"product_tag","embeddable":true,"href":"https:\/\/shop.familinkframe.com\/es\/wp-json\/wp\/v2\/product_tag?post=241568"}],"curies":[{"name":"wp","href":"https:\/\/api.w.org\/{rel}","templated":true}]}}