{"id":13815,"date":"2017-05-17T20:28:59","date_gmt":"2017-05-17T19:28:59","guid":{"rendered":"https:\/\/shop.familinkframe.com\/produit\/familink-2019-marco-fotos-3g\/"},"modified":"2026-01-27T11:51:08","modified_gmt":"2026-01-27T10:51:08","slug":"familink-2022-marco-fotos-4g","status":"publish","type":"product","link":"https:\/\/shop.familinkframe.com\/es\/produit\/familink-2022-marco-fotos-4g\/","title":{"rendered":"Marco de fotos Familink"},"content":{"rendered":"<p><span style=\"font-weight: 400;\">Compra Familink, \u00a1el marco de fotos 4G para toda la familia!<\/span><\/p>\n<p><span style=\"font-weight: 400;\">Familink es un marco de fotos 4G y Wi-Fi para personas que no tienen internet. Con Familink, la simplicidad es la clave: \u00a1sin ajustes, sin men\u00fas, sin interfaz! Se entrega listo para usar con su tarjeta SIM 4G integrada y configurada y 3 meses de servicio 4G ofrecido. Basta con conectarlo y las fotos enviadas se muestran al instante.<\/span><\/p>\n<ul>\n<li style=\"font-weight: 400;\" aria-level=\"1\"><span style=\"font-weight: 400;\">\u00a1Familink puede almacenar hasta 10.000 fotos!<\/span><\/li>\n<li style=\"font-weight: 400;\" aria-level=\"1\"><span style=\"font-weight: 400;\">Tambi\u00e9n es posible enviar mensajes de texto\u00a0<\/span>y <a href=\"https:\/\/www.familinkframe.com\/es\/blog\/familink-video\/\">v\u00eddeos<\/a><\/li>\n<li style=\"font-weight: 400;\" aria-level=\"1\"><span style=\"font-weight: 400;\">Funciona en 4G y Wi-Fi s\u00f3lo en una red privada<\/span><\/li>\n<li style=\"font-weight: 400;\" aria-level=\"1\">\u00a1Funciona con una tarjeta SIM multioperador y en m\u00e1s de <a href=\"https:\/\/www.familinkframe.com\/es\/blog\/list-of-countries-where-familink-operates\/\" target=\"_blank\" rel=\"noopener\">100 pa\u00edses<\/a>!<\/li>\n<li style=\"font-weight: 400;\" aria-level=\"1\"><span style=\"font-weight: 400;\">Se puede configurar a distancia<\/span><\/li>\n<li style=\"font-weight: 400;\" aria-level=\"1\"><span style=\"font-weight: 400;\">Pantalla de 7&#8243; (1024&#215;600) o 10&#8243; (1280&#215;800)<\/span><\/li>\n<li style=\"font-weight: 400;\" aria-level=\"1\"><span style=\"font-weight: 400;\">Dimensiones 20 x 15 x 5 cm (para el 7&#8243;) y 26,5 x 19 x 4 cm para el Familink 10&#8243;.<\/span><\/li>\n<li style=\"font-weight: 400;\" aria-level=\"1\"><span style=\"font-weight: 400;\">Se enciende y apaga autom\u00e1ticamente<\/span><\/li>\n<li style=\"font-weight: 400;\" aria-level=\"1\"><span style=\"font-weight: 400;\">Consume 3 W cuando est\u00e1 encendido<\/span><\/li>\n<li style=\"font-weight: 400;\" aria-level=\"1\"><span style=\"font-weight: 400;\">Sin l\u00edmite de usuarios, toda la familia puede enviar fotos o mensajes<\/span><\/li>\n<li style=\"font-weight: 400;\" aria-level=\"1\"><span style=\"font-weight: 400;\">El env\u00edo de fotos se realiza a trav\u00e9s de nuestra aplicaci\u00f3n, <a href=\"https:\/\/app.familinkframe.com\/\" target=\"_blank\" rel=\"noopener\">interfaz web<\/a>, <a href=\"https:\/\/help.familinkframe.com\/hc\/es\/articles\/360013260020--C%C3%B3mo-enviar-una-foto-por-correo\" target=\"_blank\" rel=\"noopener\">correo electr\u00f3nico<\/a> o <a href=\"https:\/\/help.familinkframe.com\/hc\/es\/articles\/4416277958674--C%C3%B3mo-te-unes-al-bot-de-Messenger-y-env%C3%ADas-tu-primera-foto-a-trav%C3%A9s-de-Messenger\" target=\"_blank\" rel=\"noopener\">Messenger<\/a>, o <a href=\"https:\/\/help.familinkframe.com\/hc\/es\/articles\/4418014027410--C%C3%B3mo-puedes-unirte-al-bot-de-Telegram-y-enviar-tu-primera-foto-a-trav%C3%A9s-de-Telegram\">Telegram\u00a0<\/a> o <a href=\"https:\/\/help.familinkframe.com\/hc\/es\/articles\/360018539620--C%C3%B3mo-se-env%C3%ADan-fotos-a-Familink-a-trav%C3%A9s-de-WhatsApp\" target=\"_blank\" rel=\"noopener\">WhatsApp<\/a>.<\/span><\/li>\n<li style=\"font-weight: 400;\" aria-level=\"1\"><span style=\"font-weight: 400;\">Puede recibir <strong data-start=\"297\" data-end=\"322\">hasta 10 fotos al d\u00eda<\/strong>, ya sea conectado a <strong data-start=\"343\" data-end=\"357\">4G o Wi-Fi<\/strong>.<br \/>\nCon la <a href=\"https:\/\/www.familinkframe.com\/es\/blog\/familink-video\/\" target=\"_blank\" rel=\"noopener noreferrer\"><u>opci\u00f3n de v\u00eddeo<\/u><\/a>, <strong data-start=\"387\" data-end=\"421\">el env\u00edo de fotos es ilimitado<\/strong>.\u00a0<\/span><\/li>\n<li style=\"font-weight: 400;\" aria-level=\"1\"><span style=\"font-weight: 400;\">Garant\u00eda: 2 a\u00f1os<\/span><\/li>\n<li style=\"font-weight: 400;\" aria-level=\"1\"><span style=\"font-weight: 400;\">Cargador incluido<\/span><\/li>\n<\/ul>\n","protected":false},"excerpt":{"rendered":"<p><span style=\"font-weight: 400;\">Familink es un marco de fotos conectado para personas que no tienen internet o no quieren aprender a usarlo. Con su tarjeta SIM 4G incluida y su suscripci\u00f3n gratuita, Familink se entrega listo para usar, s\u00f3lo tienes que conectarlo para que empiece a funcionar.<\/span><\/p>\n<p><span style=\"font-weight: 400;\">Con Familink, toda la familia puede compartir fotos y texto <\/span>y <span style=\"font-weight: 400;\"><a href=\"https:\/\/www.familinkframe.com\/es\/blog\/familink-video\/\">v\u00eddeos<\/a> al instante en el marco, desde nuestra aplicaci\u00f3n m\u00f3vil, nuestro sitio web de env\u00edo de fotos, por <a href=\"https:\/\/help.familinkframe.com\/hc\/es\/articles\/360013260020--C%C3%B3mo-enviar-una-foto-por-correo\">correo electr\u00f3nico<\/a> o incluso por <a href=\"https:\/\/help.familinkframe.com\/hc\/es\/articles\/4416277958674--C%C3%B3mo-te-unes-al-bot-de-Messenger-y-env%C3%ADas-tu-primera-foto-a-trav%C3%A9s-de-Messenger\">Messenger<\/a>, <a href=\"https:\/\/help.familinkframe.com\/hc\/es\/articles\/4418014027410--C%C3%B3mo-puedes-unirte-al-bot-de-Telegram-y-enviar-tu-primera-foto-a-trav%C3%A9s-de-Telegram\" target=\"_blank\" rel=\"noopener\">Telegram<\/a> , o <a href=\"https:\/\/help.familinkframe.com\/hc\/es\/articles\/360018539620--C%C3%B3mo-se-env%C3%ADan-fotos-a-Familink-a-trav%C3%A9s-de-WhatsApp\" target=\"_blank\" rel=\"noopener\">WhatsApp<\/a>.<\/span><\/p>\n<p><span style=\"font-weight: 400;\">Familink tiene un precio de 169,90 euros, IVA incluido (219,90 euros para la versi\u00f3n de 10 pulgadas). Este precio incluye el marco, la tarjeta SIM ya instalada y configurada, as\u00ed como 3 meses de servicio gratuito. Transcurridos los 3 meses, es necesario renovar el servicio por 5,90 euros TTC al mes sin compromiso o utilizar el marco gratuitamente conect\u00e1ndolo a una red Wi-Fi.<\/span><\/p>\n<p><span style=\"font-weight: 400;\">El cargador est\u00e1 incluido.<\/span><\/p>\n<p><b>Dimensiones<\/b><span style=\"font-weight: 400;\"> :<\/span><\/p>\n<ul>\n<li style=\"font-weight: 400;\" aria-level=\"1\"><b>Marco Familink de 7 pulgadas<\/b><span style=\"font-weight: 400;\">: 20 cm de ancho x 14 cm de alto x 4 cm de profundidad. La pantalla mide 7 pulgadas, lo que equivale aproximadamente a una foto de 10&#215;15 cm, con una resoluci\u00f3n de 1024 x 600 px. El cargador est\u00e1 incluido.<\/span><\/li>\n<li style=\"font-weight: 400;\" aria-level=\"1\"><b>Marco Familink de 10 pulgadas<\/b><span style=\"font-weight: 400;\">: 26,5 cm de ancho x 19 cm de alto x 4 cm de profundidad. La pantalla mide 10 pulgadas, lo que corresponde a un formato A5, con una resoluci\u00f3n de 1280 x 800 px. El cargador est\u00e1 incluido.<\/span><\/li>\n<\/ul>\n<p><span style=\"font-weight: 400;\">El Familink tiene una garant\u00eda de 2 a\u00f1os.<\/span><\/p>\n<p><span style=\"font-weight: 400;\">El cargador est\u00e1 incluido.<\/span><span style=\"font-weight: 400;\">\u00bfTienes alguna duda? <\/span><a href=\"https:\/\/help.familinkframe.com\/hc\/es\"><span style=\"font-weight: 400;\">Consulta nuestras FAQ<\/span><\/a><span style=\"font-weight: 400;\">.<\/span><\/p>\n<p><em>El marco negro de 10 pulgadas ya no est\u00e1 disponible.<\/em><\/p>\n","protected":false},"featured_media":310596,"comment_status":"closed","ping_status":"closed","template":"","meta":[],"product_brand":[],"product_cat":[83],"product_tag":[],"class_list":{"0":"post-13815","1":"product","2":"type-product","3":"status-publish","4":"has-post-thumbnail","6":"product_cat-non-classe-es","7":"product_shipping_class-expeditions-cadres-familink-es","9":"first","10":"instock","11":"taxable","12":"shipping-taxable","13":"purchasable","14":"product-type-variable"},"_links":{"self":[{"href":"https:\/\/shop.familinkframe.com\/es\/wp-json\/wp\/v2\/product\/13815","targetHints":{"allow":["GET"]}}],"collection":[{"href":"https:\/\/shop.familinkframe.com\/es\/wp-json\/wp\/v2\/product"}],"about":[{"href":"https:\/\/shop.familinkframe.com\/es\/wp-json\/wp\/v2\/types\/product"}],"replies":[{"embeddable":true,"href":"https:\/\/shop.familinkframe.com\/es\/wp-json\/wp\/v2\/comments?post=13815"}],"wp:featuredmedia":[{"embeddable":true,"href":"https:\/\/shop.familinkframe.com\/es\/wp-json\/wp\/v2\/media\/310596"}],"wp:attachment":[{"href":"https:\/\/shop.familinkframe.com\/es\/wp-json\/wp\/v2\/media?parent=13815"}],"wp:term":[{"taxonomy":"product_brand","embeddable":true,"href":"https:\/\/shop.familinkframe.com\/es\/wp-json\/wp\/v2\/product_brand?post=13815"},{"taxonomy":"product_cat","embeddable":true,"href":"https:\/\/shop.familinkframe.com\/es\/wp-json\/wp\/v2\/product_cat?post=13815"},{"taxonomy":"product_tag","embeddable":true,"href":"https:\/\/shop.familinkframe.com\/es\/wp-json\/wp\/v2\/product_tag?post=13815"}],"curies":[{"name":"wp","href":"https:\/\/api.w.org\/{rel}","templated":true}]}}