{"id":67768,"date":"2020-03-09T12:14:52","date_gmt":"2020-03-09T11:14:53","guid":{"rendered":"https:\/\/shop.familinkframe.com\/?post_type=product&#038;p=67768"},"modified":"2023-11-10T13:01:11","modified_gmt":"2023-11-10T12:01:11","slug":"familink-2020-der-digitale-bilderrahmen-mit-integrierter-3g-verbindung-copie","status":"publish","type":"product","link":"https:\/\/shop.familinkframe.com\/de\/produit\/familink-2020-der-digitale-bilderrahmen-mit-integrierter-3g-verbindung-copie\/","title":{"rendered":"Refurbished Fotorahmen"},"content":{"rendered":"<p>Kaufen Sie Familink, den einzigen Bilderrahmen mit integrierter 3G Verbindung f\u00fcr die ganze Familie!<\/p>\n<p>Der Familink Bilderrahmen wurde f\u00fcr Leute entwickelt die keine Internetverbindung haben. Der Familink Bilderrahmen l\u00e4sst sich ganz leicht bedienen: es gibt weder un\u00fcbersichtliche Men\u00fcs noch komplizierte Einstellungen.<\/p>\n<p>Familink schaltet sich automatisch in der Fr\u00fch an und abends wieder aus. Die geschickten Bilder werden sofort angezeigt.<\/p>\n<p>Ab Juni passen sich unsere Familink Bilderrahmen automatisch an das Land an, in dem sie genutzt werden. Zum Beispiel wird ein Bilderahmen in Deutschland automatisch auf Deutsch eingestellt.<\/p>\n","protected":false},"excerpt":{"rendered":"<p>Der Familink Bilderrahmen wurde f\u00fcr Leute entwickelt die keine Internetverbindung haben oder das Internet nicht nutzen k\u00f6nnen. Dank seiner integrierten und vorkonfigurierten 3G SIM-Karte ist er nach dem Anschalten sofort betriebsbereit!<\/p>\n<p>Dank Familink kann jedes Familienmitglied ganz einfach seine Bilder auf den Bilderrahmen schicken und teilen: entweder \u00fcber die Familink App f\u00fcr Smartphones und Tablets, \u00fcber die Familink Internetseite oder sogar ganz einfach per E-Mail.<\/p>\n<p><img loading=\"lazy\" decoding=\"async\" class=\"alignnone size-medium wp-image-794\" src=\"https:\/\/shop.familinkframe.com\/wp-content\/uploads\/2017\/05\/Screenshot_2015-05-11-12-44-24_framed-175x300.png\" alt=\"\" width=\"175\" height=\"300\" \/><\/p>\n<p>Familink kostet dabei nur 149.90\u20ac (inkl. MwSt.). Enthalten im Preis sind der Bilderrahmen, die vorkonfigurierte SIM-Karte und ein kostenloses dreimonatiges Abonnement. Nach drei Monaten kann das Abonnement f\u00fcr die SIM-Karte f\u00fcr nur 3,90 \u20ac pro Monat (inkl. MwSt.) verl\u00e4ngert werden. Sollten Sie das Abonnement nicht verl\u00e4ngern wollen, funktioniert der Bilderrahmen selbstverst\u00e4ndlich auch per W-LAN Verbindung.<\/p>\n<p>Haben Sie noch Fragen? <a href=\"https:\/\/www.familinkframe.com\/de\/faq\/\">Besuchen Sie unseren FAQ<\/a> oder schreiben Sie uns einfach eine E-Mail!<\/p>\n","protected":false},"featured_media":62217,"comment_status":"closed","ping_status":"closed","template":"","meta":[],"product_brand":[],"product_cat":[58],"product_tag":[],"class_list":{"0":"post-67768","1":"product","2":"type-product","3":"status-publish","4":"has-post-thumbnail","6":"product_cat-non-classe","7":"product_shipping_class-familink","9":"first","10":"outofstock","11":"taxable","12":"shipping-taxable","13":"purchasable","14":"product-type-simple"},"_links":{"self":[{"href":"https:\/\/shop.familinkframe.com\/de\/wp-json\/wp\/v2\/product\/67768","targetHints":{"allow":["GET"]}}],"collection":[{"href":"https:\/\/shop.familinkframe.com\/de\/wp-json\/wp\/v2\/product"}],"about":[{"href":"https:\/\/shop.familinkframe.com\/de\/wp-json\/wp\/v2\/types\/product"}],"replies":[{"embeddable":true,"href":"https:\/\/shop.familinkframe.com\/de\/wp-json\/wp\/v2\/comments?post=67768"}],"wp:featuredmedia":[{"embeddable":true,"href":"https:\/\/shop.familinkframe.com\/de\/wp-json\/wp\/v2\/media\/62217"}],"wp:attachment":[{"href":"https:\/\/shop.familinkframe.com\/de\/wp-json\/wp\/v2\/media?parent=67768"}],"wp:term":[{"taxonomy":"product_brand","embeddable":true,"href":"https:\/\/shop.familinkframe.com\/de\/wp-json\/wp\/v2\/product_brand?post=67768"},{"taxonomy":"product_cat","embeddable":true,"href":"https:\/\/shop.familinkframe.com\/de\/wp-json\/wp\/v2\/product_cat?post=67768"},{"taxonomy":"product_tag","embeddable":true,"href":"https:\/\/shop.familinkframe.com\/de\/wp-json\/wp\/v2\/product_tag?post=67768"}],"curies":[{"name":"wp","href":"https:\/\/api.w.org\/{rel}","templated":true}]}}