{"id":241566,"date":"2024-05-22T09:26:14","date_gmt":"2024-05-22T08:26:15","guid":{"rendered":"https:\/\/shop.familinkframe.com\/?post_type=product&#038;p=241566"},"modified":"2024-10-25T12:56:23","modified_gmt":"2024-10-25T11:56:23","slug":"familink-premium-paket-7","status":"publish","type":"product","link":"https:\/\/shop.familinkframe.com\/de\/produit\/familink-premium-paket-7\/","title":{"rendered":"Premium-Paket: Familink-Rahmen + 6 Monate Familink Revue in Papierform"},"content":{"rendered":"<p>Machen Sie Ihren Lieben eine Freude! Mit dem Familink Premium-Paket k\u00f6nnen Sie Ihren Lieben unsere besten Produkte schenken.<\/p>\n<p>Das Familink Premium-Paket besteht aus:<\/p>\n<ul>\n<li><strong>Ein vernetzter Fotorahmen 7 Zoll:<\/strong><br \/>\nFamilink ist ein vernetzter Bilderrahmen f\u00fcr \u00e4ltere Menschen, die keinen Internetzugang haben oder diesen nicht nutzen m\u00f6chten. Familink Bilderrahmen funktionieren mit 4G oder WiFi. Mit Familink ist alles ganz einfach: Anschlie\u00dfen und los geht&#8217;s. Au\u00dferdem k\u00f6nnen alle Einstellungen \u00fcber unsere mobile App oder unsere Website ferngesteuert werden. Sie erhalten das Ger\u00e4t sofort einsatzbereit mit einer integrierten und konfigurierten 4G-SIM-Karte und 3 Monaten 4G-Service. Gesendete Fotos werden sofort angezeigt.<\/p>\n<ul>\n<li>Familink kann bis zu 10.000 Bilder speichern!<\/li>\n<li>Das Versenden von Textnachrichten ist ebenfalls m\u00f6glich.<\/li>\n<li>Funktioniert mit 4G und Wi-Fi nur in einem privaten Netzwerk.<\/li>\n<li>Funktioniert in \u00fcber 100 L\u00e4ndern!<\/li>\n<li>Ferngesteuert einstellbar<\/li>\n<li>7\u2033 Bildschirm (1024\u00d7600)<\/li>\n<li>Abmessungen 20 x 14 x 4 cm<\/li>\n<li>Automatisches Ein- und Ausschalten<\/li>\n<li>Verbraucht 3W im eingeschalteten Zustand.<\/li>\n<li>Keine Benutzerbegrenzung, die ganze Familie kann Fotos oder Nachrichten versenden.<\/li>\n<li>Fotos k\u00f6nnen \u00fcber unsere App, Webinterface, Mail, Messenger oder Telegram versendet werden.<\/li>\n<li>Kann 10 Fotos pro Tag empfangen, wenn es mit 4G verbunden ist, und eine unbegrenzte Anzahl von<\/li>\n<li>Fotos, wenn es mit Wi-Fi verbunden ist.<\/li>\n<li>Garantie: 2 Jahre<\/li>\n<li><strong>Inklusive Ladeger\u00e4t<\/strong><\/li>\n<\/ul>\n<\/li>\n<\/ul>\n<p>&nbsp;<\/p>\n<ul>\n<li><strong>Ein Magazin-Paket:<\/strong><br \/>\nDas Familink-Magazin ist ein Fototagebuch in Magazinform. Mit nur wenigen Klicks k\u00f6nnen Sie die Fotos Ihrer Wahl \u00fcber unsere Website, den Messenger oder per E-Mail versenden.Jeden Monat w\u00e4hlen Sie einfach die 30 Fotos aus, die Sie in Ihrem Magazin ver\u00f6ffentlichen m\u00f6chten. Sie haben zwischen dem 1. und 4. des Folgemonats Zeit, Ihre Fotos auszuw\u00e4hlen.Wir k\u00fcmmern uns automatisch um das Layout.Sie profitieren von einem 6-monatigen Abonnement, um unser Produkt kennenzulernen. Das perfekte Geschenk f\u00fcr Ihre Lieben! W\u00e4hrend dieser 6 Monate k\u00f6nnen Sie \u00fcber unsere mobile Anwendung oder unsere Website Fotos hochladen, die dann jeden Monat in Ihrem Magazin erscheinen, das Ihnen an eine Adresse Ihrer Wahl geschickt wird.Um Ihnen bei der Erstellung Ihres Magazins zu helfen, liegt dem Paket ein Handbuch bei, das Ihnen jeden Schritt erkl\u00e4rt, damit Sie Ihren Lieben eine Freude machen k\u00f6nnen. Die Familink-Zeitschrift ist :<\/p>\n<ul>\n<li>Bis zu 30 Fotos pro Zeitschrift<\/li>\n<li>ein unverbindliches Abonnement<\/li>\n<li>eine monatliche Lieferung<\/li>\n<li>Mehrere M\u00f6glichkeiten, die Fotos zu versenden: mobile Anwendung, Website, Telegram, Messenger oder E-Mail.<\/li>\n<li>Unbegrenzte Nutzerzahl, die ganze Familie kann mitmachen.<\/li>\n<\/ul>\n<\/li>\n<li>Geschenkverpackung f\u00fcr jedes Produkt<\/li>\n<\/ul>\n","protected":false},"excerpt":{"rendered":"<p>Schenken Sie Ihren Lieben das Beste von Familink mit dem Familink Premium Pack!<\/p>\n<h4>Das Paket besteht aus<\/h4>\n<ul>\n<li>Einem 7-Zoll-Fotorahmen<\/li>\n<li>Einem Zeitschriften-Set<\/li>\n<li>Eine Geschenkverpackung f\u00fcr jedes dieser Produkte.<\/li>\n<\/ul>\n<p><strong>Familink ist ein vernetzter Fotorahmen f\u00fcr alle, die keinen Internetzugang haben oder diesen nicht erlernen m\u00f6chten.<\/strong><\/p>\n<p>Dank der mitgelieferten 4G-SIM-Karte und dem 3-monatigen Gratis-Abonnement ist Familink sofort einsatzbereit. Sie m\u00fcssen es nur einstecken und schon kann es losgehen. Mit Familink kann die ganze Familie sofort Fotos und Textnachrichten auf dem Rahmen austauschen, und zwar \u00fcber unsere mobile App, unsere Website zum Versenden von Fotos, per E-Mail oder sogar \u00fcber Messenger oder Telegram.<\/p>\n<p><strong>Das Familink-Magazin ist ein gedrucktes Fototagebuch in Magazinform. Mit wenigen Klicks k\u00f6nnen Sie die Fotos Ihrer Wahl \u00fcber unsere Website, Messenger oder sogar per E-Mail versenden.<\/strong><\/p>\n<p>Jedes Magazin kann bis zu 30 Fotos der ganzen Familie enthalten: Die Anzahl der Benutzer ist unbegrenzt. Die Fotos werden automatisch zu einem Magazin zusammengestellt, das monatlich an die Person Ihrer Wahl verschickt wird.<\/p>\n","protected":false},"featured_media":241576,"comment_status":"closed","ping_status":"closed","template":"","meta":[],"product_brand":[],"product_cat":[58],"product_tag":[],"class_list":{"0":"post-241566","1":"product","2":"type-product","3":"status-publish","4":"has-post-thumbnail","6":"product_cat-non-classe","7":"product_shipping_class-familink","9":"first","10":"instock","11":"taxable","12":"shipping-taxable","13":"purchasable","14":"product-type-variable"},"_links":{"self":[{"href":"https:\/\/shop.familinkframe.com\/de\/wp-json\/wp\/v2\/product\/241566","targetHints":{"allow":["GET"]}}],"collection":[{"href":"https:\/\/shop.familinkframe.com\/de\/wp-json\/wp\/v2\/product"}],"about":[{"href":"https:\/\/shop.familinkframe.com\/de\/wp-json\/wp\/v2\/types\/product"}],"replies":[{"embeddable":true,"href":"https:\/\/shop.familinkframe.com\/de\/wp-json\/wp\/v2\/comments?post=241566"}],"wp:featuredmedia":[{"embeddable":true,"href":"https:\/\/shop.familinkframe.com\/de\/wp-json\/wp\/v2\/media\/241576"}],"wp:attachment":[{"href":"https:\/\/shop.familinkframe.com\/de\/wp-json\/wp\/v2\/media?parent=241566"}],"wp:term":[{"taxonomy":"product_brand","embeddable":true,"href":"https:\/\/shop.familinkframe.com\/de\/wp-json\/wp\/v2\/product_brand?post=241566"},{"taxonomy":"product_cat","embeddable":true,"href":"https:\/\/shop.familinkframe.com\/de\/wp-json\/wp\/v2\/product_cat?post=241566"},{"taxonomy":"product_tag","embeddable":true,"href":"https:\/\/shop.familinkframe.com\/de\/wp-json\/wp\/v2\/product_tag?post=241566"}],"curies":[{"name":"wp","href":"https:\/\/api.w.org\/{rel}","templated":true}]}}