{"id":183027,"date":"2022-12-05T20:02:11","date_gmt":"2022-12-05T19:02:11","guid":{"rendered":"https:\/\/shop.familinkframe.com\/produit\/das-familink-magazin-starter-set\/"},"modified":"2026-01-28T09:17:25","modified_gmt":"2026-01-28T08:17:25","slug":"das-familink-magazin-starter-set","status":"publish","type":"product","link":"https:\/\/shop.familinkframe.com\/de\/produit\/das-familink-magazin-starter-set\/","title":{"rendered":"Familink Magazin Starter-Set"},"content":{"rendered":"<p><span style=\"font-weight: 400;\">Das Familink Magazin Kit: Der neue Weg Ihren Liebsten Gl\u00fcck zu schenken!<\/span><\/p>\n<p><span style=\"font-weight: 400;\">Das Familink Magazin ist eine <strong>gedruckte Zeitschrift<\/strong> mit Ihren Familienbildern. W\u00e4hlen Sie Ihre Bilder aus und laden Sie diese in wenigen Klicks \u00fcber die Familink Homepage, Facebook Messenger oder per E-Mail hoch.\u00a0<\/span><\/p>\n<p><span style=\"font-weight: 400;\">W\u00e4hlen Sie monatlich (zwischen dem 1. Und 4. Tag des Monats) <strong>30 Bilder<\/strong> aus, die in Ihrem Magazin erscheinen sollen.\u00a0<\/span><\/p>\n<p><span style=\"font-weight: 400;\">Die Bilder werden <strong>von uns formatiert<\/strong> und Ihr Familink Magazin wird monatlich an Ihre \u00e4lteren Familienangeh\u00f6rige verschickt.\u00a0<\/span><\/p>\n<p><span style=\"font-weight: 400;\">Mit diesem Kit erhalten Sie ein <strong>6-monatiges Abonnement<\/strong> f\u00fcr das Familink Magazin! Das perfekte Geschenk f\u00fcr Ihre Liebsten! Sechs Monate lang k\u00f6nnen Sie Ihre Bilder und Nachrichten mit Ihrem Smartphone oder mit Ihrem Computer schicken; sie erscheinen monatlich in Ihrem Familink Magazin. Das Magazin wird an eine Adresse Ihrer Wahl versendet.\u00a0<\/span><\/p>\n<p><span style=\"font-weight: 400;\">Im Kit finden Sie eine Anleitung, damit Sie schnell und unkompliziert mit Ihrem Magazin starten k\u00f6nnen.<\/span><\/p>\n<p><strong>Das Familink Magazin in K\u00fcrze:<\/strong><\/p>\n<ul>\n<li><span style=\"font-weight: 400;\">Bis zu<strong> 30 Bilder pro Magazin<\/strong><\/span><\/li>\n<li><span style=\"font-weight: 400;\">Abonnement <strong>jederzeit k\u00fcndbar<\/strong><\/span><\/li>\n<li><span style=\"font-weight: 400;\">Inklusive der <strong>monatlichen Lieferung<\/strong><\/span><\/li>\n<li><span style=\"font-weight: 400;\">Ganz einfach! Schicken Sie Ihre Bilder und Nachrichten Ihrem Smartphone (Familnk App, Telegram, Facebook Messenger) oder mit Ihrem Computer (Familink Homepage, Facebook, Mail).\u00a0<\/span><\/li>\n<li><span style=\"font-weight: 400;\">Die ganze Familie kann teilnehmen; die Zahl der <strong>Nutzer<\/strong> ist <strong>unbegrenzt<\/strong>.<\/span><span style=\"font-weight: 400;\">\u00a0<\/span><\/li>\n<\/ul>\n<p><strong>Der Zuweisungscode Ihrer Zeitschrift befindet sich auf der Innenseite des Kits. Wenn Sie weiter entfernt wohnen, empfehlen wir Ihnen, sich die Zeitschrift direkt nach Hause liefern zu lassen.<\/strong><\/p>\n","protected":false},"excerpt":{"rendered":"<p><strong>Entdecken Sie das \u201cFamilink Magazin Kit\u201d\u00a0<\/strong><\/p>\n<p><span style=\"font-weight: 400;\">Das Familink Magazin ist eine gedruckte Zeitschrift mit Ihren Familienbildern.In wenigen Klicks k\u00f6nnen Sie Ihre Fotos f\u00fcr das Magazin von Ihrem Smartphone oder von Ihrem Computer schicken.<\/span><\/p>\n<p><span style=\"font-weight: 400;\">Es k\u00f6nnen bis zu 30 Bilder im Magazin ausgedruckt werden. Diese k\u00f6nnen von jedem Familienmitglied hochgeladen werden, die Anzahl der Nutzer ist unbegrenzt. Die Bilder und die zugeh\u00f6rigen Beschriftungen werden automatisch chronologisch sortiert. Familink \u00fcbernimmt die Gestaltung des Magazins, sowie das Ausdrucken und das monatliche Versenden.<\/span><\/p>\n<p><strong>Das Starter-Set beinhaltet:\u00a0<\/strong><\/p>\n<ul>\n<li style=\"font-weight: 400;\" aria-level=\"1\"><span style=\"font-weight: 400;\">ein 6-monatiges Abonnement f\u00fcr das Familink Magazin<\/span><\/li>\n<li style=\"font-weight: 400;\" aria-level=\"1\"><span style=\"font-weight: 400;\">Ein Beispielmagazin\u00a0<\/span><\/li>\n<li style=\"font-weight: 400;\" aria-level=\"1\"><span style=\"font-weight: 400;\">Eine Anleitung f\u00fcr das Magazin<\/span><\/li>\n<li style=\"font-weight: 400;\" aria-level=\"1\"><span style=\"font-weight: 400;\">Eine Sammelbox f\u00fcr Ihre Zeitschriften (Blaue Box)<\/span><\/li>\n<\/ul>\n<p><strong>Ihr Abonnement f\u00fcr das Magazin aktivieren:<\/strong><\/p>\n<ol>\n<li><span style=\"font-weight: 400;\">Besuchen Sie unsere Website, gehen Sie auf die Seite \u201eDas Magazin\u201d und klicken Sie auf \u201c<a href=\"https:\/\/app.familinkframe.com\/de\/activate-magazine-pack?_gl=1*klzr31*_gcl_au*MTQzNTA3NjQ4NC4xNzY2MzkwODQ4Ljc0Nzc1MjE0MC4xNzY5NTg3NjUzLjE3Njk1ODc2NTY.\">Mein Kit aktivieren<\/a>\u201d\u00a0<\/span><\/li>\n<li><span style=\"font-weight: 400;\">Tragen Sie den Verbindungscode (im Magazin Kit zu finden) ein.<\/span><\/li>\n<\/ol>\n<p><strong>Wir empfehlen Ihnen, sich diese Geschenkbox nach Hause schicken zu lassen, um Ihren Assoziationscode abzuholen oder sie mit Ihrer Familie zu \u00f6ffnen!<\/strong><\/p>\n","protected":false},"featured_media":280099,"comment_status":"closed","ping_status":"closed","template":"","meta":[],"product_brand":[],"product_cat":[58],"product_tag":[],"class_list":{"0":"post-183027","1":"product","2":"type-product","3":"status-publish","4":"has-post-thumbnail","6":"product_cat-non-classe","7":"product_shipping_class-kostenlose-lieferung","9":"first","10":"instock","11":"taxable","12":"shipping-taxable","13":"purchasable","14":"product-type-simple"},"_links":{"self":[{"href":"https:\/\/shop.familinkframe.com\/de\/wp-json\/wp\/v2\/product\/183027","targetHints":{"allow":["GET"]}}],"collection":[{"href":"https:\/\/shop.familinkframe.com\/de\/wp-json\/wp\/v2\/product"}],"about":[{"href":"https:\/\/shop.familinkframe.com\/de\/wp-json\/wp\/v2\/types\/product"}],"replies":[{"embeddable":true,"href":"https:\/\/shop.familinkframe.com\/de\/wp-json\/wp\/v2\/comments?post=183027"}],"wp:featuredmedia":[{"embeddable":true,"href":"https:\/\/shop.familinkframe.com\/de\/wp-json\/wp\/v2\/media\/280099"}],"wp:attachment":[{"href":"https:\/\/shop.familinkframe.com\/de\/wp-json\/wp\/v2\/media?parent=183027"}],"wp:term":[{"taxonomy":"product_brand","embeddable":true,"href":"https:\/\/shop.familinkframe.com\/de\/wp-json\/wp\/v2\/product_brand?post=183027"},{"taxonomy":"product_cat","embeddable":true,"href":"https:\/\/shop.familinkframe.com\/de\/wp-json\/wp\/v2\/product_cat?post=183027"},{"taxonomy":"product_tag","embeddable":true,"href":"https:\/\/shop.familinkframe.com\/de\/wp-json\/wp\/v2\/product_tag?post=183027"}],"curies":[{"name":"wp","href":"https:\/\/api.w.org\/{rel}","templated":true}]}}