{"id":97781,"date":"2021-02-08T11:47:59","date_gmt":"2021-02-09T08:10:03","guid":{"rendered":"https:\/\/shop.familinkframe.com\/?post_type=product&#038;p=97781"},"modified":"2021-02-09T09:17:20","modified_gmt":"2021-02-09T08:17:20","slug":"darkove-baleni-prani-na-miru","status":"publish","type":"product","link":"https:\/\/shop.familinkframe.com\/cs\/produit\/darkove-baleni-prani-na-miru\/","title":{"rendered":"D\u00e1rkov\u00e9 balen\u00ed + p\u0159\u00e1n\u00ed na m\u00edru"},"content":{"rendered":"","protected":false},"excerpt":{"rendered":"","protected":false},"featured_media":0,"comment_status":"closed","ping_status":"closed","template":"","meta":[],"product_brand":[],"product_cat":[126],"product_tag":[],"class_list":{"0":"post-97781","1":"product","2":"type-product","3":"status-publish","5":"product_cat-gift-cs","7":"first","8":"instock","9":"taxable","10":"shipping-taxable","11":"purchasable","12":"product-type-simple"},"_links":{"self":[{"href":"https:\/\/shop.familinkframe.com\/cs\/wp-json\/wp\/v2\/product\/97781","targetHints":{"allow":["GET"]}}],"collection":[{"href":"https:\/\/shop.familinkframe.com\/cs\/wp-json\/wp\/v2\/product"}],"about":[{"href":"https:\/\/shop.familinkframe.com\/cs\/wp-json\/wp\/v2\/types\/product"}],"replies":[{"embeddable":true,"href":"https:\/\/shop.familinkframe.com\/cs\/wp-json\/wp\/v2\/comments?post=97781"}],"wp:attachment":[{"href":"https:\/\/shop.familinkframe.com\/cs\/wp-json\/wp\/v2\/media?parent=97781"}],"wp:term":[{"taxonomy":"product_brand","embeddable":true,"href":"https:\/\/shop.familinkframe.com\/cs\/wp-json\/wp\/v2\/product_brand?post=97781"},{"taxonomy":"product_cat","embeddable":true,"href":"https:\/\/shop.familinkframe.com\/cs\/wp-json\/wp\/v2\/product_cat?post=97781"},{"taxonomy":"product_tag","embeddable":true,"href":"https:\/\/shop.familinkframe.com\/cs\/wp-json\/wp\/v2\/product_tag?post=97781"}],"curies":[{"name":"wp","href":"https:\/\/api.w.org\/{rel}","templated":true}]}}