{"id":97780,"date":"2021-02-09T09:06:05","date_gmt":"2021-02-09T08:08:40","guid":{"rendered":"https:\/\/shop.familinkframe.com\/?post_type=product&#038;p=97780"},"modified":"2021-02-09T09:17:52","modified_gmt":"2021-02-09T08:17:52","slug":"darkove-baleni","status":"publish","type":"product","link":"https:\/\/shop.familinkframe.com\/cs\/produit\/darkove-baleni\/","title":{"rendered":"D\u00e1rkov\u00e9 balen\u00ed"},"content":{"rendered":"","protected":false},"excerpt":{"rendered":"","protected":false},"featured_media":0,"comment_status":"closed","ping_status":"closed","template":"","meta":[],"product_brand":[],"product_cat":[126],"product_tag":[],"class_list":{"0":"post-97780","1":"product","2":"type-product","3":"status-publish","5":"product_cat-gift-cs","7":"first","8":"instock","9":"taxable","10":"shipping-taxable","11":"purchasable","12":"product-type-simple"},"_links":{"self":[{"href":"https:\/\/shop.familinkframe.com\/cs\/wp-json\/wp\/v2\/product\/97780","targetHints":{"allow":["GET"]}}],"collection":[{"href":"https:\/\/shop.familinkframe.com\/cs\/wp-json\/wp\/v2\/product"}],"about":[{"href":"https:\/\/shop.familinkframe.com\/cs\/wp-json\/wp\/v2\/types\/product"}],"replies":[{"embeddable":true,"href":"https:\/\/shop.familinkframe.com\/cs\/wp-json\/wp\/v2\/comments?post=97780"}],"wp:attachment":[{"href":"https:\/\/shop.familinkframe.com\/cs\/wp-json\/wp\/v2\/media?parent=97780"}],"wp:term":[{"taxonomy":"product_brand","embeddable":true,"href":"https:\/\/shop.familinkframe.com\/cs\/wp-json\/wp\/v2\/product_brand?post=97780"},{"taxonomy":"product_cat","embeddable":true,"href":"https:\/\/shop.familinkframe.com\/cs\/wp-json\/wp\/v2\/product_cat?post=97780"},{"taxonomy":"product_tag","embeddable":true,"href":"https:\/\/shop.familinkframe.com\/cs\/wp-json\/wp\/v2\/product_tag?post=97780"}],"curies":[{"name":"wp","href":"https:\/\/api.w.org\/{rel}","templated":true}]}}