{"id":67767,"date":"2020-03-09T12:14:52","date_gmt":"2020-03-09T11:14:53","guid":{"rendered":"https:\/\/shop.familinkframe.com\/?post_type=product&#038;p=67767"},"modified":"2023-11-10T12:59:32","modified_gmt":"2023-11-10T11:59:32","slug":"familink-2020-3g-fotoramecek-copie","status":"publish","type":"product","link":"https:\/\/shop.familinkframe.com\/cs\/produit\/familink-2020-3g-fotoramecek-copie\/","title":{"rendered":"Repasovan\u00fd fotor\u00e1me\u010dek"},"content":{"rendered":"<p>Zakoupit Familink, 3G fotor\u00e1me\u010dek pro celou rodinu!<\/p>\n<p>Familink je 3G a Wi-Fi fotor\u00e1me\u010dek pro lidi, kte\u0159\u00ed nemaj\u00ed internet. R\u00e1me\u010dkem Familink vynik\u00e1 svou jednoduchost\u00ed: \u017e\u00e1dn\u00e9 nastaven\u00ed, \u017e\u00e1dn\u00e1 menu, \u017e\u00e1dn\u00e9 rozhran\u00ed!<\/p>\n<p>Familink se automaticky r\u00e1no zap\u00edn\u00e1 a ve\u010der se op\u011bt vyp\u00edn\u00e1. Odeslan\u00e9 fotografie se zorazuj\u00ed okam\u017eit\u011b.<\/p>\n<p>R\u00e1me\u010dek umo\u017e\u0148uje odeslat 10 sn\u00edmk\u016f \/ den, pokud je fotor\u00e1me\u010dek p\u0159ipojen v s\u00edti 3G a neomezen\u00fd po\u010det p\u0159es Wi-Fi. Pozor, Familink se m\u016f\u017ee p\u0159ipojit k Wi-Fi pouze p\u0159es soukomou Wi-Fi s\u00ed\u0165.<\/p>\n","protected":false},"excerpt":{"rendered":"<p>Familink je fotor\u00e1me\u010dek p\u0159ipraven\u00fd k pou\u017eit\u00ed pro ka\u017ed\u00e9ho, kdo doma nem\u00e1 internet nebo se nechce nau\u010dit internet pou\u017e\u00edvat. D\u00edky sv\u00e9 3G sim kart\u011b a bezplatn\u00e9mu 3-m\u011bsi\u010dn\u00edmu p\u0159edplatn\u00e9mu je produkt Familink okam\u017eit\u011b p\u0159ipraven k pou\u017eit\u00ed.<\/p>\n<p>Sim karta umo\u017e\u0148uje p\u0159ij\u00edmat 10 sn\u00edmk\u016f \/ den, pokud je fotor\u00e1me\u010dek p\u0159ipojen v s\u00edti 3G a neomezen\u00fd po\u010det, pokud je p\u0159ipojen v s\u00edti Wi-Fi.<\/p>\n<p>D\u00edky r\u00e1me\u010dku Familink m\u016f\u017ee cel\u00e1 rodina sd\u00edlet fotografie pomoc\u00ed mobiln\u00ed aplikace, webov\u00fdch str\u00e1nek nebo jednodu\u0161e e-mailem!<\/p>\n<p><img loading=\"lazy\" decoding=\"async\" class=\"alignnone size-medium wp-image-794\" src=\"https:\/\/shop.familinkframe.com\/wp-content\/uploads\/2017\/05\/Screenshot_2015-05-11-12-44-24_framed-175x300.png\" alt=\"\" width=\"175\" height=\"300\" \/><\/p>\n<p>&nbsp;<\/p>\n<p>Familink stoj\u00ed 149,90 \u20ac s DPH. Tato cena zahrnuje digit\u00e1ln\u00ed r\u00e1me\u010dek, ji\u017e nainstalovanou a nakonfigurovanou sim kartu, a d\u00e1le 3 m\u011bs\u00edce 3G slu\u017eby zdarma. Po 3 m\u011bs\u00edc\u00edch je nutn\u00e9 3G slu\u017ebu obnovit za cenu 3,90 \u20ac \/ m\u011bs\u00edc bez z\u00e1vazku nebo pou\u017e\u00edt r\u00e1me\u010dek zdarma t\u00edm, \u017ee jej p\u0159ipoj\u00edte k s\u00edti Wi-Fi.<\/p>\n<p>&nbsp;<\/p>\n","protected":false},"featured_media":62214,"comment_status":"closed","ping_status":"closed","template":"","meta":[],"product_brand":[],"product_cat":[81],"product_tag":[],"class_list":{"0":"post-67767","1":"product","2":"type-product","3":"status-publish","4":"has-post-thumbnail","6":"product_cat-non-classe-cs","7":"product_shipping_class-expeditions-cadres-familink-cs","9":"first","10":"outofstock","11":"taxable","12":"shipping-taxable","13":"purchasable","14":"product-type-simple"},"_links":{"self":[{"href":"https:\/\/shop.familinkframe.com\/cs\/wp-json\/wp\/v2\/product\/67767","targetHints":{"allow":["GET"]}}],"collection":[{"href":"https:\/\/shop.familinkframe.com\/cs\/wp-json\/wp\/v2\/product"}],"about":[{"href":"https:\/\/shop.familinkframe.com\/cs\/wp-json\/wp\/v2\/types\/product"}],"replies":[{"embeddable":true,"href":"https:\/\/shop.familinkframe.com\/cs\/wp-json\/wp\/v2\/comments?post=67767"}],"wp:featuredmedia":[{"embeddable":true,"href":"https:\/\/shop.familinkframe.com\/cs\/wp-json\/wp\/v2\/media\/62214"}],"wp:attachment":[{"href":"https:\/\/shop.familinkframe.com\/cs\/wp-json\/wp\/v2\/media?parent=67767"}],"wp:term":[{"taxonomy":"product_brand","embeddable":true,"href":"https:\/\/shop.familinkframe.com\/cs\/wp-json\/wp\/v2\/product_brand?post=67767"},{"taxonomy":"product_cat","embeddable":true,"href":"https:\/\/shop.familinkframe.com\/cs\/wp-json\/wp\/v2\/product_cat?post=67767"},{"taxonomy":"product_tag","embeddable":true,"href":"https:\/\/shop.familinkframe.com\/cs\/wp-json\/wp\/v2\/product_tag?post=67767"}],"curies":[{"name":"wp","href":"https:\/\/api.w.org\/{rel}","templated":true}]}}