{"id":3967,"date":"2017-05-17T20:28:59","date_gmt":"2017-05-17T19:28:59","guid":{"rendered":"https:\/\/shop.familinkframe.com\/produit\/familink-2018\/"},"modified":"2026-04-28T15:02:23","modified_gmt":"2026-04-28T14:02:23","slug":"familink-2022","status":"publish","type":"product","link":"https:\/\/shop.familinkframe.com\/cs\/produit\/familink-2022\/","title":{"rendered":"Fotor\u00e1me\u010dek Familink"},"content":{"rendered":"<p data-path-to-node=\"4\"><strong>Familink: 4G fotor\u00e1me\u010dek pro celou rodinu!<\/strong><\/p>\n<p data-path-to-node=\"5\">Familink je chytr\u00fd fotor\u00e1me\u010dek navr\u017een\u00fd speci\u00e1ln\u011b pro seniory, kte\u0159\u00ed nepou\u017e\u00edvaj\u00ed internet nebo s n\u00edm necht\u011bj\u00ed m\u00edt starosti. R\u00e1me\u010dky Familink funguj\u00ed p\u0159es 4G s\u00ed\u0165 i Wi-Fi. V\u0161e je maxim\u00e1ln\u011b jednoduch\u00e9: sta\u010d\u00ed jej zapojit do z\u00e1suvky a okam\u017eit\u011b funguje. Ve\u0161ker\u00e9 nastaven\u00ed spravujete na d\u00e1lku p\u0159es na\u0161i mobiln\u00ed aplikaci nebo webov\u00e9 rozhran\u00ed. R\u00e1me\u010dek obdr\u017e\u00edte ji\u017e p\u0159ipraven\u00fd k pou\u017eit\u00ed s p\u0159edinstalovanou 4G SIM kartou a 3 m\u011bs\u00edci provozu zdarma. Odeslan\u00e9 fotografie se na displeji zobraz\u00ed okam\u017eit\u011b.<\/p>\n<h3 data-path-to-node=\"6\">Hlavn\u00ed v\u00fdhody:<\/h3>\n<ul data-path-to-node=\"7\">\n<li>\n<p data-path-to-node=\"7,0,0\"><b data-path-to-node=\"7,0,0\" data-index-in-node=\"0\">Obrovsk\u00e1 kapacita:<\/b> Ulo\u017e\u00ed a\u017e 10 000 fotografi\u00ed!<\/p>\n<\/li>\n<li>\n<p data-path-to-node=\"7,1,0\"><b data-path-to-node=\"7,1,0\" data-index-in-node=\"0\">Multimedi\u00e1ln\u00ed:<\/b> Podpora textov\u00fdch zpr\u00e1v i vide\u00ed.<\/p>\n<\/li>\n<li>\n<p data-path-to-node=\"7,2,0\"><b data-path-to-node=\"7,2,0\" data-index-in-node=\"0\">Univerz\u00e1ln\u00ed p\u0159ipojen\u00ed:<\/b> Funguje p\u0159es 4G (ve v\u00edce ne\u017e 100 zem\u00edch sv\u011bta) nebo soukromou Wi-Fi s\u00ed\u0165.<\/p>\n<\/li>\n<li>\n<p data-path-to-node=\"7,3,0\"><b data-path-to-node=\"7,3,0\" data-index-in-node=\"0\">Vzd\u00e1len\u00e1 spr\u00e1va:<\/b> V\u0161e nastav\u00edte pohodln\u011b na d\u00e1lku.<\/p>\n<\/li>\n<li>\n<p data-path-to-node=\"7,4,0\"><b data-path-to-node=\"7,4,0\" data-index-in-node=\"0\">Dv\u011b velikosti:<\/b> Displej 7\u201d (1024\u00d7600) nebo 10\u2033 (1280\u00d7800).<\/p>\n<\/li>\n<li>\n<p data-path-to-node=\"7,5,0\"><b data-path-to-node=\"7,5,0\" data-index-in-node=\"0\">Inteligentn\u00ed provoz:<\/b> Automatick\u00e9 zapnut\u00ed a vypnut\u00ed podle nastaven\u00ed (spot\u0159eba pouze 3 W p\u0159i zapnut\u00e9m stavu).<\/p>\n<\/li>\n<li>\n<p data-path-to-node=\"7,6,0\"><b data-path-to-node=\"7,6,0\" data-index-in-node=\"0\">Sd\u00edlen\u00ed pro celou rodinu:<\/b> Po\u010det u\u017eivatel\u016f nen\u00ed omezen, zapojit se m\u016f\u017ee skute\u010dn\u011b ka\u017ed\u00fd.<\/p>\n<\/li>\n<li>\n<p data-path-to-node=\"7,7,0\"><b data-path-to-node=\"7,7,0\" data-index-in-node=\"0\">Flexibiln\u00ed odes\u00edl\u00e1n\u00ed:<\/b> Fotky lze pos\u00edlat p\u0159es aplikaci, web, e-mail, Messenger, WhatsApp \u010di Telegram.<\/p>\n<\/li>\n<\/ul>\n<h3 data-path-to-node=\"8\">Technick\u00e9 specifikace a slu\u017eby:<\/h3>\n<ul data-path-to-node=\"9\">\n<li>\n<p data-path-to-node=\"9,0,0\"><b data-path-to-node=\"9,0,0\" data-index-in-node=\"0\">Rozm\u011bry:<\/b> 20 x 15 x 5 cm (pro 7\u2033 verzi) a 26,5 x 19 x 4 cm (pro 10\u2033 verzi).<\/p>\n<\/li>\n<li>\n<p data-path-to-node=\"9,1,0\"><b data-path-to-node=\"9,1,0\" data-index-in-node=\"0\">Denn\u00ed limit:<\/b> V r\u00e1mci p\u0159edplatn\u00e9ho (4G i Wi-Fi) lze p\u0159ijmout a\u017e 10 fotografi\u00ed denn\u011b. Odes\u00edl\u00e1n\u00ed fotografi\u00ed je neomezen\u00e9 p\u0159i aktivaci dopl\u0148kov\u00e9 slu\u017eby pro video.<\/p>\n<\/li>\n<li>\n<p data-path-to-node=\"9,2,0\"><b data-path-to-node=\"9,2,0\" data-index-in-node=\"0\">Z\u00e1ruka:<\/b> 2 roky.<\/p>\n<\/li>\n<li>\n<p data-path-to-node=\"9,3,0\"><b data-path-to-node=\"9,3,0\" data-index-in-node=\"0\">Obsah balen\u00ed:<\/b> Fotor\u00e1me\u010dek, nab\u00edje\u010dka, p\u0159edinstalovan\u00e1 SIM karta.<\/p>\n<\/li>\n<\/ul>\n","protected":false},"excerpt":{"rendered":"<p>Familink je digit\u00e1ln\u00ed fotor\u00e1me\u010dek s p\u0159ipojen\u00edm, navr\u017een\u00fd pro v\u0161echny, kte\u0159\u00ed nemaj\u00ed p\u0159\u00edstup k internetu nebo se necht\u011bj\u00ed u\u010dit ovl\u00e1dat modern\u00ed technologie. D\u00edky integrovan\u00e9 SIM kart\u011b se 4G p\u0159ipojen\u00edm a p\u0159edplacen\u00e9mu tarifu na 3 m\u011bs\u00edce je Familink p\u0159ipraven k okam\u017eit\u00e9mu pou\u017eit\u00ed hned po vybalen\u00ed. Sta\u010d\u00ed jej jen zapojit do z\u00e1suvky.<\/p>\n<p>S Familinkem m\u016f\u017ee cel\u00e1 rodina okam\u017eit\u011b sd\u00edlet fotografie, textov\u00e9 zpr\u00e1vy i <a href=\"https:\/\/www.familinkframe.com\/cs\/blog\/familink-video\/\" target=\"_blank\" rel=\"noopener\">videa p\u0159\u00edmo<\/a> do r\u00e1me\u010dku, a to p\u0159es na\u0161i mobiln\u00ed aplikaci, webov\u00e9 rozhran\u00ed, e-mailem nebo dokonce p\u0159es Messenger, <a href=\"https:\/\/www.familinkframe.com\/cs\/blog\/whatsapp\/\">WhatsApp<\/a> a Telegram.<\/p>\n<p>Familink zakoup\u00edte za 169,90 \u20ac s DPH (219,90 \u20ac u 10palcov\u00e9 verze). Tato cena zahrnuje samotn\u00fd r\u00e1me\u010dek, p\u0159edinstalovanou a nastavenou SIM kartu a 3 m\u011bs\u00edce p\u0159edplatn\u00e9ho zdarma. Po uplynut\u00ed t\u00e9to doby lze slu\u017ebu obnovit za 5,90 \u20ac m\u011bs\u00ed\u010dn\u011b (bez z\u00e1vazk\u016f), nebo r\u00e1me\u010dek nad\u00e1le pou\u017e\u00edvat zdarma po p\u0159ipojen\u00ed k Wi-Fi s\u00edti.<\/p>\n<p>Na fotor\u00e1me\u010dek Familink se vztahuje dvoulet\u00e1 z\u00e1ruka.<strong> Nab\u00edje\u010dka je sou\u010d\u00e1st\u00ed balen\u00ed.<\/strong><\/p>\n<p>Specifikace:<\/p>\n<ul>\n<li><strong>7palcov\u00fd r\u00e1me\u010dek Familink:<\/strong> \u0161\u00ed\u0159ka 20 cm x v\u00fd\u0161ka 14 cm x hloubka 4 cm. Displej s \u00fahlop\u0159\u00ed\u010dkou 7 palc\u016f (odpov\u00edd\u00e1 fotografii 10&#215;15 cm) a rozli\u0161en\u00edm 1024 x 600 px.<\/li>\n<li><strong>10palcov\u00fd r\u00e1me\u010dek Familink<\/strong>: \u0161\u00ed\u0159ka 26,5 cm x v\u00fd\u0161ka 19 cm x hloubka 4 cm. Displej s \u00fahlop\u0159\u00ed\u010dkou 10 palc\u016f (form\u00e1t A5) a rozli\u0161en\u00edm 1280 x 800 px.<\/li>\n<\/ul>\n<p>M\u00e1te dotaz? Pod\u00edvejte se na na\u0161e <a href=\"https:\/\/help.familinkframe.com\/hc\/cs\" target=\"_blank\" rel=\"noopener\">FAQ<\/a>.<\/p>\n<ul>\n<li><em>Pro z\u00e1kazn\u00edky v Kanad\u011b: vyu\u017eijte pros\u00edm n\u00e1\u0161 kanadsk\u00fd e-shop.<\/em><\/li>\n<li><em>Pozn\u00e1mka: \u010cern\u00fd 10palcov\u00fd r\u00e1me\u010dek ji\u017e nen\u00ed v prodeji.<\/em><\/li>\n<\/ul>\n","protected":false},"featured_media":310587,"comment_status":"closed","ping_status":"closed","template":"","meta":[],"product_brand":[],"product_cat":[81],"product_tag":[],"class_list":{"0":"post-3967","1":"product","2":"type-product","3":"status-publish","4":"has-post-thumbnail","6":"product_cat-non-classe-cs","7":"product_shipping_class-expeditions-cadres-familink-cs","9":"first","10":"instock","11":"taxable","12":"shipping-taxable","13":"purchasable","14":"product-type-variable"},"_links":{"self":[{"href":"https:\/\/shop.familinkframe.com\/cs\/wp-json\/wp\/v2\/product\/3967","targetHints":{"allow":["GET"]}}],"collection":[{"href":"https:\/\/shop.familinkframe.com\/cs\/wp-json\/wp\/v2\/product"}],"about":[{"href":"https:\/\/shop.familinkframe.com\/cs\/wp-json\/wp\/v2\/types\/product"}],"replies":[{"embeddable":true,"href":"https:\/\/shop.familinkframe.com\/cs\/wp-json\/wp\/v2\/comments?post=3967"}],"wp:featuredmedia":[{"embeddable":true,"href":"https:\/\/shop.familinkframe.com\/cs\/wp-json\/wp\/v2\/media\/310587"}],"wp:attachment":[{"href":"https:\/\/shop.familinkframe.com\/cs\/wp-json\/wp\/v2\/media?parent=3967"}],"wp:term":[{"taxonomy":"product_brand","embeddable":true,"href":"https:\/\/shop.familinkframe.com\/cs\/wp-json\/wp\/v2\/product_brand?post=3967"},{"taxonomy":"product_cat","embeddable":true,"href":"https:\/\/shop.familinkframe.com\/cs\/wp-json\/wp\/v2\/product_cat?post=3967"},{"taxonomy":"product_tag","embeddable":true,"href":"https:\/\/shop.familinkframe.com\/cs\/wp-json\/wp\/v2\/product_tag?post=3967"}],"curies":[{"name":"wp","href":"https:\/\/api.w.org\/{rel}","templated":true}]}}